{"id":31758,"date":"2026-05-11T13:45:44","date_gmt":"2026-05-11T13:45:44","guid":{"rendered":"https:\/\/floradarling.shop\/product\/segway-navimow-x420-mahroboter-mit-garage-x-4-satze-klinge-fur-2000-zero-turn-awd-fur-84-steigungen-nrtk-360-vision-vio-keine-rtk-basisstation-25-95-mm-schnitthohe\/"},"modified":"2026-05-11T13:45:45","modified_gmt":"2026-05-11T13:45:45","slug":"segway-navimow-x420-mahroboter-mit-garage-x-4-satze-klinge-fur-2000-zero-turn-awd-fur-84-steigungen-nrtk-360-vision-vio-keine-rtk-basisstation-25-95-mm-schnitthohe","status":"publish","type":"product","link":"https:\/\/floradarling.shop\/en\/product\/segway-navimow-x420-mahroboter-mit-garage-x-4-satze-klinge-fur-2000-zero-turn-awd-fur-84-steigungen-nrtk-360-vision-vio-keine-rtk-basisstation-25-95-mm-schnitthohe\/","title":{"rendered":"Segway Navimow X420 M\u00e4hroboter 2000m\u00b2 Zero-Turn AWD 84% Steigung NRTK 360\u00b0 Vision 25-95mm Schnitth\u00f6he Garage"},"content":{"rendered":"<p><strong>Product Overview<\/strong><\/p>\n<ul>\n<li>\n<strong>Marke:<\/strong> NAVIMOW<\/li>\n<li>\n<strong>Stromquelle:<\/strong> Batteriebetrieben<\/li>\n<li>\n<strong>Farbe:<\/strong> Grau<\/li>\n<li>\n<strong>Stil:<\/strong> X420+Garage X+4xKlinge<\/li>\n<li>\n<strong>Artikelgewicht:<\/strong> 28,8 Kilogramm<\/li>\n<li>\n<strong>Schnittbreite:<\/strong> 43 Zentimeter<\/li>\n<li>\n<strong>Betriebsmodus:<\/strong> Automatisch<\/li>\n<li>\n<strong>Produktabmessungen:<\/strong> 85T x 61B x 35,1H cm<\/li>\n<li>\n<strong>Smart-Home-Kompatibilit\u00e4t:<\/strong> Smart-Home-kompatibel<\/li>\n<li>\n<strong>Anzahl der Artikel:<\/strong> 1<\/li>\n<\/ul>\n<p><strong>Product Features<\/strong><\/p>\n<ul>\n<li>[ Fortschrittlichster AWD ]: Navimow X420 M\u00e4hroboter mit ORV-abgestimmtes Doppelfederungssystem, f\u00e4hrt durch unebenes Gel\u00e4nde, klettert Steigungen von bis zu 84 % (40 \u00b0) und \u00fcberquert Hindernisse bis zu 7 cm mit Leichtigkeit. Der X4-M\u00e4hroboter meistert m\u00fchelos alle komplexen Gel\u00e4nde und sorgt f\u00fcr stabiles Befahren von Steigungen und Hindernis\u00fcberwinden.<\/li>\n<li>[ Rasensichere Null-Kurven-Lenkung ]: Im Gegensatz zu herk\u00f6mmlichen Systemen, die auf grobe Kraft setzen und oft Rasen sch\u00e4digen, gleicht der Xero-Turn AWD des X420 extrem starke Radkraft gekonnt mit agiler Hindernisnavigation aus. Mit einer exzentrischen Vorderradlenkung und intelligenter Traktionskontrolle verhindert er Kratzer und Rei\u00dfen und sorgt so f\u00fcr einen reibungslosen Arbeitsablauf, der mit Null-Kurven-M\u00e4hern vergleichbar ist, ohne das Gras zu besch\u00e4digen.<\/li>\n<li>[ Hocheffizientes MowMentum-M\u00e4hen ]: Das revolution\u00e4re MowMentum sorgt mit zwei 180W-Schneidmotoren, zwei Scheiben mit 12 Messerklingen, einer Schnittbreite von 430 mm, eine Geschwindigkeit von 0,8 m\/s und adaptiver Messerklingensteuerung sorgen f\u00fcr ein besseres Finish auf hohem, dichtem und robustem Gras \u2013 alles vor Sonnenuntergang. Die EdgeSense-Technologie reduziert die Schnittmargen auf unter 5 cm \u2013 eine Pr\u00e4zision, die die Kante neu definiert.<\/li>\n<li>[ Freih\u00e4ndige Einrichtung und intelligente Bedienung ]: Automatisches Kartieren mit einem Fingertipp erm\u00f6glicht sofortige, draht- und antennenfreie Installation. Bearbeiten Sie Ihre Karte mit GeoSketch realer Szenen f\u00fcr unvergleichliche Einfachheit und Genauigkeit. Unterst\u00fctzt GPS-Verfolgung, Geofence-Alarm, Alarm bei Anheben und Apple \u201eWo ist?\u201c. Steuern Sie Ihr M\u00e4hen nur mit einem Sprachbefehl \u00fcber Alexa oder Google Home.<\/li>\n<li>[ Elite-Positionierung mit optimiertem Signal ]: Das EFLS-aufger\u00fcstete Tri-Frequency-Netzwerk-RTK + 360\u00b0 Vision +VIO gew\u00e4hrleistet eine stabile Positionierung ohne Signalverlust in allen komplexen Szenarien und sorgt f\u00fcr eine Genauigkeit auf Zentimeterh\u00f6he unter B\u00e4umen, entlang von Z\u00e4unen und in engen G\u00e4ngen. KI-gesteuerter 360\u00b0 VisionFence identifiziert zudem effizient \u00fcber 200 Arten von Hindernissen.<\/li>\n<\/ul>\n<p><strong>Product Information<\/strong><\/p>\n<ul>\n<table style=\"margin-bottom:20px\">\n<tbody>\n<tr>\n<td><strong>Marke<\/strong><\/td>\n<td>NAVIMOW<\/td>\n<\/tr>\n<tr>\n<td><strong>Modellnummer<\/strong><\/td>\n<td>X420+Garage X<\/td>\n<\/tr>\n<tr>\n<td><strong>Erforderliche Montage<\/strong><\/td>\n<td>Nein<\/td>\n<\/tr>\n<tr>\n<td><strong>Hersteller<\/strong><\/td>\n<td>\u200eNavimow B.V.<\/td>\n<\/tr>\n<tr>\n<td><strong>Artikelnummer<\/strong><\/td>\n<td>X420+Garage X<\/td>\n<\/tr>\n<tr>\n<td><strong>Anzahl von Einheiten<\/strong><\/td>\n<td>1.0 st\u00fcck<\/td>\n<\/tr>\n<tr>\n<td><strong>Herkunftsland<\/strong><\/td>\n<td>China<\/td>\n<\/tr>\n<tr>\n<td><strong>Amazon Bestseller-Rang<\/strong><\/td>\n<td><\/td>\n<\/tr>\n<tr>\n<td><strong>ASIN<\/strong><\/td>\n<td>B0GQ9CF7KV<\/td>\n<\/tr>\n<tr>\n<td><strong>Durchschnittliche Kundenbewertung<\/strong><\/td>\n<td><\/td>\n<\/tr>\n<tr>\n<td><strong>Betriebsart<\/strong><\/td>\n<td>Batteriebetrieben<\/td>\n<\/tr>\n<tr>\n<td><strong>Betriebsmodus<\/strong><\/td>\n<td>Automatisch<\/td>\n<\/tr>\n<tr>\n<td><strong>Smart-Home-Kompatibilit\u00e4t<\/strong><\/td>\n<td>Smart-Home-kompatibel<\/td>\n<\/tr>\n<tr>\n<td><strong>Maximale einstellbare Schnitth\u00f6he<\/strong><\/td>\n<td>9,5 Zentimeter<\/td>\n<\/tr>\n<tr>\n<td><strong>Minimale einstellbare Schnitth\u00f6he<\/strong><\/td>\n<td>2 Zentimeter<\/td>\n<\/tr>\n<tr>\n<td><strong>Anzahl der Positionen<\/strong><\/td>\n<td>8<\/td>\n<\/tr>\n<tr>\n<td><strong>Artikelgewicht<\/strong><\/td>\n<td>28,8 Kilogramm<\/td>\n<\/tr>\n<tr>\n<td><strong>Schnittbreite<\/strong><\/td>\n<td>43 Zentimeter<\/td>\n<\/tr>\n<tr>\n<td><strong>Artikel Abmessungen T x B x H<\/strong><\/td>\n<td>85T x 61B x 35,1H cm<\/td>\n<\/tr>\n<tr>\n<td><strong>Farbe<\/strong><\/td>\n<td>Grau<\/td>\n<\/tr>\n<tr>\n<td><strong>Stil\/Form<\/strong><\/td>\n<td>X420+Garage X+4xKlinge<\/td>\n<\/tr>\n<\/tbody>\n<\/table>\n<\/ul>\n","protected":false},"excerpt":{"rendered":"<p>Product Overview Marke: NAVIMOW Stromquelle: Batteriebetrieben Farbe: Grau Stil: X420+Garage X+4xKlinge Artikelgewicht: 28,8 Kilogramm Schnittbreite: 43 Zentimeter Betriebsmodus: Automatisch Produktabmessungen:<\/p>","protected":false},"featured_media":31904,"comment_status":"open","ping_status":"closed","template":"","meta":[],"product_brand":[],"product_cat":[153],"product_tag":[],"class_list":{"0":"post-31758","1":"product","2":"type-product","3":"status-publish","4":"has-post-thumbnail","6":"product_cat-maehroboter","8":"first","9":"instock","10":"sale","11":"shipping-taxable","12":"purchasable","13":"product-type-variable"},"jetpack_sharing_enabled":true,"_links":{"self":[{"href":"https:\/\/floradarling.shop\/en\/wp-json\/wp\/v2\/product\/31758","targetHints":{"allow":["GET"]}}],"collection":[{"href":"https:\/\/floradarling.shop\/en\/wp-json\/wp\/v2\/product"}],"about":[{"href":"https:\/\/floradarling.shop\/en\/wp-json\/wp\/v2\/types\/product"}],"replies":[{"embeddable":true,"href":"https:\/\/floradarling.shop\/en\/wp-json\/wp\/v2\/comments?post=31758"}],"version-history":[{"count":0,"href":"https:\/\/floradarling.shop\/en\/wp-json\/wp\/v2\/product\/31758\/revisions"}],"wp:featuredmedia":[{"embeddable":true,"href":"https:\/\/floradarling.shop\/en\/wp-json\/wp\/v2\/media\/31904"}],"wp:attachment":[{"href":"https:\/\/floradarling.shop\/en\/wp-json\/wp\/v2\/media?parent=31758"}],"wp:term":[{"taxonomy":"product_brand","embeddable":true,"href":"https:\/\/floradarling.shop\/en\/wp-json\/wp\/v2\/product_brand?post=31758"},{"taxonomy":"product_cat","embeddable":true,"href":"https:\/\/floradarling.shop\/en\/wp-json\/wp\/v2\/product_cat?post=31758"},{"taxonomy":"product_tag","embeddable":true,"href":"https:\/\/floradarling.shop\/en\/wp-json\/wp\/v2\/product_tag?post=31758"}],"curies":[{"name":"wp","href":"https:\/\/api.w.org\/{rel}","templated":true}]}}