{"id":31753,"date":"2026-05-11T13:45:44","date_gmt":"2026-05-11T13:45:44","guid":{"rendered":"https:\/\/floradarling.shop\/product\/segway-navimow-i210-lidar-pro-mahroboter-mit-garage-m-fur-1000-m-lidar-vision-nrtk-tri-fusion-positionierung-xero-turn-awd-fur-55-steigungen-auto-kartierung-getrennt-versandt-werden\/"},"modified":"2026-05-11T13:45:45","modified_gmt":"2026-05-11T13:45:45","slug":"segway-navimow-i210-lidar-pro-mahroboter-mit-garage-m-fur-1000-m-lidar-vision-nrtk-tri-fusion-positionierung-xero-turn-awd-fur-55-steigungen-auto-kartierung-getrennt-versandt-werden","status":"publish","type":"product","link":"https:\/\/floradarling.shop\/en\/product\/segway-navimow-i210-lidar-pro-mahroboter-mit-garage-m-fur-1000-m-lidar-vision-nrtk-tri-fusion-positionierung-xero-turn-awd-fur-55-steigungen-auto-kartierung-getrennt-versandt-werden\/","title":{"rendered":"Segway Navimow i210 LiDAR Pro M\u00e4hroboter 1000m\u00b2 Tri-Fusion AWD 55% Steigung Auto-Kartierung Garage"},"content":{"rendered":"<p><strong>Product Overview<\/strong><\/p>\n<ul>\n<li>\n<strong>Marke:<\/strong> NAVIMOW<\/li>\n<li>\n<strong>Stromquelle:<\/strong> Batteriebetrieben<\/li>\n<li>\n<strong>Farbe:<\/strong> Schwarz<\/li>\n<li>\n<strong>Stil:<\/strong> i210 LiDAR Pro+Garage M<\/li>\n<li>\n<strong>Artikelgewicht:<\/strong> 17,35 Kilogramm<\/li>\n<li>\n<strong>Betriebsmodus:<\/strong> Automatisch<\/li>\n<li>\n<strong>Produktabmessungen:<\/strong> 65,6T x 44,5B x 29H cm<\/li>\n<li>\n<strong>Smart-Home-Kompatibilit\u00e4t:<\/strong> Smart-Home-kompatibel<\/li>\n<li>\n<strong>Anzahl der Artikel:<\/strong> 1<\/li>\n<li>\n<strong>Montage erforderlich:<\/strong> Nein<\/li>\n<\/ul>\n<p><strong>Product Features<\/strong><\/p>\n<ul>\n<li>[ KI-gest\u00fctzte Dreifachfusionsnavigation LiDAR+NRTK+Vision ]: Kombiniert Solid-State-LiDAR-Raumsensorik, KI-gest\u00fctzte Bildverarbeitung und Netzwerk-RTK-Satellitenpositionierung zu einem integrierten Navigationssystem. Bietet eine stabile Genauigkeit im Zentimeterbereich in komplexen Umgebungen, auch unter B\u00e4umen, auf schmalen Pfaden und bei wechselnden Lichtverh\u00e4ltnissen. Netzwerk-RTK ist ohne Zusatzkosten enthalten, und die erforderlichen Mobilfunkdaten werden kostenlos bereitgestellt.<\/li>\n<li>[ Echte Absetzen-und-M\u00e4hen-Einrichtung mit automatischer Ein-Klick-Kartieren-Funktion ]: Es werden keine Begrenzungsdr\u00e4hte oder externen Antennen ben\u00f6tigt. Mit einem Fingertipp k\u00f6nnen Sie sofort nach dem Auspacken mit dem M\u00e4hen beginnen. Erstellt und bearbeitet automatisch bis zu 20 M\u00e4hzonen mithilfe einer interaktiven Echtzeitkarte, die von GeoSketch unterst\u00fctzt wird und eine intuitive Steuerung erm\u00f6glicht.<\/li>\n<li>[ Fortschrittliche Hinderniserkennung und Sicherheit durch VisionFence ]: Erkennt und umgeht \u00fcber 200 Arten von Hindernissen mithilfe von LiDAR und Vision, einschlie\u00dflich niedriger Objekte und h\u00e4ngender Gegenst\u00e4nde. Verringert f\u00fcr mehr Sicherheit die Geschwindigkeit automatisch beim Ann\u00e4hern an Hindernisse und unterst\u00fctzt pr\u00e4zises Kantenm\u00e4hen entlang von Z\u00e4unen und Wegen mit dem EdgeSense Ride-On-Modus.<\/li>\n<li>[ Allradantrieb f\u00fcr Stabilit\u00e4t an H\u00e4ngen und auf unebenem Gel\u00e4nde ]: Bew\u00e4ltigt Steigungen bis zu 55 % souver\u00e4n. Die konzentrische Nullwendekreis-Konstruktion der Vorderr\u00e4der erm\u00f6glicht sanfte Drehungen ohne Besch\u00e4digung des Rasens, w\u00e4hrend der Allradantrieb zusammen mit der Antriebsschlupfregelung (TCS) und der elektronischen Stabilit\u00e4tskontrolle (ESC) f\u00fcr ein gerades und stabiles M\u00e4hen auf unebenem Gel\u00e4nde sorgt.<\/li>\n<li>[ Intelligenter Schutz, leiser Betrieb und App-Steuerung ]: Ausgestattet mit GPS-Verfolgung, Geofencing-Warnungen, Anhebeerkennung und Apple \u201eWo ist?\u201c-Unterst\u00fctzung f\u00fcr zus\u00e4tzliche Sicherheit. Automatischer Stopp und Andockvorgang bei starkem Regen oder extremen Wetterbedingungen. Arbeitet leise mit 59 dB(A), unterst\u00fctzt die Sprachsteuerung \u00fcber Alexa und Google Assistant und ist gem\u00e4\u00df IP66 wasser- und staubdicht.<\/li>\n<\/ul>\n<p><strong>Product Information<\/strong><\/p>\n<ul>\n<table style=\"margin-bottom:20px\">\n<tbody>\n<tr>\n<td><strong>Marke<\/strong><\/td>\n<td>NAVIMOW<\/td>\n<\/tr>\n<tr>\n<td><strong>Modellnummer<\/strong><\/td>\n<td>i210 LiDAR Pro+Garage M<\/td>\n<\/tr>\n<tr>\n<td><strong>Erforderliche Montage<\/strong><\/td>\n<td>Nein<\/td>\n<\/tr>\n<tr>\n<td><strong>Hersteller<\/strong><\/td>\n<td>\u200eNavimow B.V.<\/td>\n<\/tr>\n<tr>\n<td><strong>Artikelnummer<\/strong><\/td>\n<td>i210 LiDAR Pro+Garage M<\/td>\n<\/tr>\n<tr>\n<td><strong>Anzahl von Einheiten<\/strong><\/td>\n<td>1.0 st\u00fcck<\/td>\n<\/tr>\n<tr>\n<td><strong>Herkunftsland<\/strong><\/td>\n<td>China<\/td>\n<\/tr>\n<tr>\n<td><strong>Amazon Bestseller-Rang<\/strong><\/td>\n<td><\/td>\n<\/tr>\n<tr>\n<td><strong>ASIN<\/strong><\/td>\n<td>B0GQ98WCTF<\/td>\n<\/tr>\n<tr>\n<td><strong>Durchschnittliche Kundenbewertung<\/strong><\/td>\n<td><\/td>\n<\/tr>\n<tr>\n<td><strong>Betriebsart<\/strong><\/td>\n<td>Batteriebetrieben<\/td>\n<\/tr>\n<tr>\n<td><strong>Betriebsmodus<\/strong><\/td>\n<td>Automatisch<\/td>\n<\/tr>\n<tr>\n<td><strong>Smart-Home-Kompatibilit\u00e4t<\/strong><\/td>\n<td>Smart-Home-kompatibel<\/td>\n<\/tr>\n<tr>\n<td><strong>Maximale einstellbare Schnitth\u00f6he<\/strong><\/td>\n<td>7 Zentimeter<\/td>\n<\/tr>\n<tr>\n<td><strong>Minimale einstellbare Schnitth\u00f6he<\/strong><\/td>\n<td>2 Zentimeter<\/td>\n<\/tr>\n<tr>\n<td><strong>Anzahl der Positionen<\/strong><\/td>\n<td>6<\/td>\n<\/tr>\n<tr>\n<td><strong>Artikelgewicht<\/strong><\/td>\n<td>17,35 Kilogramm<\/td>\n<\/tr>\n<tr>\n<td><strong>Artikel Abmessungen T x B x H<\/strong><\/td>\n<td>65,6T x 44,5B x 29H cm<\/td>\n<\/tr>\n<tr>\n<td><strong>Farbe<\/strong><\/td>\n<td>Schwarz<\/td>\n<\/tr>\n<tr>\n<td><strong>Stil\/Form<\/strong><\/td>\n<td>i210 LiDAR Pro+Garage M<\/td>\n<\/tr>\n<\/tbody>\n<\/table>\n<\/ul>\n","protected":false},"excerpt":{"rendered":"<p>Product Overview Marke: NAVIMOW Stromquelle: Batteriebetrieben Farbe: Schwarz Stil: i210 LiDAR Pro+Garage M Artikelgewicht: 17,35 Kilogramm Betriebsmodus: Automatisch Produktabmessungen: 65,6T<\/p>","protected":false},"featured_media":31892,"comment_status":"open","ping_status":"closed","template":"","meta":[],"product_brand":[],"product_cat":[153],"product_tag":[],"class_list":{"0":"post-31753","1":"product","2":"type-product","3":"status-publish","4":"has-post-thumbnail","6":"product_cat-maehroboter","8":"first","9":"instock","10":"sale","11":"shipping-taxable","12":"purchasable","13":"product-type-variable"},"jetpack_sharing_enabled":true,"_links":{"self":[{"href":"https:\/\/floradarling.shop\/en\/wp-json\/wp\/v2\/product\/31753","targetHints":{"allow":["GET"]}}],"collection":[{"href":"https:\/\/floradarling.shop\/en\/wp-json\/wp\/v2\/product"}],"about":[{"href":"https:\/\/floradarling.shop\/en\/wp-json\/wp\/v2\/types\/product"}],"replies":[{"embeddable":true,"href":"https:\/\/floradarling.shop\/en\/wp-json\/wp\/v2\/comments?post=31753"}],"version-history":[{"count":0,"href":"https:\/\/floradarling.shop\/en\/wp-json\/wp\/v2\/product\/31753\/revisions"}],"wp:featuredmedia":[{"embeddable":true,"href":"https:\/\/floradarling.shop\/en\/wp-json\/wp\/v2\/media\/31892"}],"wp:attachment":[{"href":"https:\/\/floradarling.shop\/en\/wp-json\/wp\/v2\/media?parent=31753"}],"wp:term":[{"taxonomy":"product_brand","embeddable":true,"href":"https:\/\/floradarling.shop\/en\/wp-json\/wp\/v2\/product_brand?post=31753"},{"taxonomy":"product_cat","embeddable":true,"href":"https:\/\/floradarling.shop\/en\/wp-json\/wp\/v2\/product_cat?post=31753"},{"taxonomy":"product_tag","embeddable":true,"href":"https:\/\/floradarling.shop\/en\/wp-json\/wp\/v2\/product_tag?post=31753"}],"curies":[{"name":"wp","href":"https:\/\/api.w.org\/{rel}","templated":true}]}}