{"id":31749,"date":"2026-05-11T13:45:44","date_gmt":"2026-05-11T13:45:44","guid":{"rendered":"https:\/\/floradarling.shop\/product\/segway-navimow-i208-lidar-mit-garage-m-mahroboter-ohne-begrenzungskabel-fur-800-m-bis-45-steigung-solid-state-lidar-vision-automatisches-kartieren-ohne-drahte-oder-antenne-integriertes-4g\/"},"modified":"2026-05-11T13:45:45","modified_gmt":"2026-05-11T13:45:45","slug":"segway-navimow-i208-lidar-mit-garage-m-mahroboter-ohne-begrenzungskabel-fur-800-m-bis-45-steigung-solid-state-lidar-vision-automatisches-kartieren-ohne-drahte-oder-antenne-integriertes-4g","status":"publish","type":"product","link":"https:\/\/floradarling.shop\/en\/product\/segway-navimow-i208-lidar-mit-garage-m-mahroboter-ohne-begrenzungskabel-fur-800-m-bis-45-steigung-solid-state-lidar-vision-automatisches-kartieren-ohne-drahte-oder-antenne-integriertes-4g\/","title":{"rendered":"Segway Navimow i208 LiDAR M\u00e4hroboter Ohne Begrenzungskabel 800m\u00b2 45% Steigung LiDAR Vision 4G Garage"},"content":{"rendered":"<p><strong>Product Overview<\/strong><\/p>\n<ul>\n<li>\n<strong>Marke:<\/strong> NAVIMOW<\/li>\n<li>\n<strong>Stromquelle:<\/strong> Batteriebetrieben<\/li>\n<li>\n<strong>Material:<\/strong> Metall<\/li>\n<li>\n<strong>Farbe:<\/strong> Schwarz<\/li>\n<li>\n<strong>Stil:<\/strong> i208 LiDAR+Garage M<\/li>\n<li>\n<strong>Artikelgewicht:<\/strong> 14,7 Kilogramm<\/li>\n<li>\n<strong>Betriebsmodus:<\/strong> Automatisch<\/li>\n<li>\n<strong>Produktabmessungen:<\/strong> 63,5T x 44,5B x 28,8H cm<\/li>\n<li>\n<strong>Anzahl der Artikel:<\/strong> 1<\/li>\n<li>\n<strong>Montage erforderlich:<\/strong> Nein<\/li>\n<\/ul>\n<p><strong>Product Features<\/strong><\/p>\n<ul>\n<li>Einfach Absetzen und m\u00e4hen &#038; Sprachsteuerung: Auspacken und M\u00e4hen. Ohne Begrenzungsdr\u00e4hte oder Antennen. Automatisches Kartieren mit nur einem Tipp, freih\u00e4ndiges M\u00e4hen via Alexa oder Google Home.<\/li>\n<li>Solid State LiDAR und Vision Dual Fusion: Hochaufl\u00f6sendes Solid State LiDAR gepaart mit optischen Sensoren an Bord f\u00fcr stabile, satellitenfreie Navigation. Zuverl\u00e4ssig Tag und Nacht durch 3D-Erkennung.<\/li>\n<li>Pr\u00e4zise KI-gest\u00fctztes VisionFence und GeoSketch: Erkennt 200+ Hindernistypen akkurat auf 1 cm. Bearbeiten Sie per App bis zu 20 M\u00e4hzonen auf einer realistischen, interaktiven Karte. Kantenmodus erlaubt pr\u00e4zisere Schnitte an Kanten und Grenzen.<\/li>\n<li>Gel\u00e4ndereifen f\u00fcr Leistung bei bis zu 45 % Neigung: Bew\u00e4ltigt Steillagen mit gel\u00e4ndeg\u00e4ngigen Reifen und elektronischer Stabilit\u00e4tskontrolle. 100-W-Motor und 6-Messerklingenscheiben schneiden stark und best\u00e4ndig dichtes oder rasch wachsendes Gras.<\/li>\n<li>Kontrolle durch smarte Sicherheit und fortschrittliche App: Bietet Alarme per GPS, Geo-Fence, Anhebeerkennung und Apple \u201eWo ist?\u201c f\u00fcr smarten Schutz. Kehrt bei Extremwetter selbst zur Station zur\u00fcck; mit dem Zeichen-Tool der App entwerfen Sie M\u00e4hmuster nach Ihrem Geschmack.<\/li>\n<\/ul>\n<p><strong>Product Information<\/strong><\/p>\n<ul>\n<table style=\"margin-bottom:20px\">\n<tbody>\n<tr>\n<td><strong>Marke<\/strong><\/td>\n<td>NAVIMOW<\/td>\n<\/tr>\n<tr>\n<td><strong>Modellnummer<\/strong><\/td>\n<td>i208 LiDAR+Garage M<\/td>\n<\/tr>\n<tr>\n<td><strong>Erforderliche Montage<\/strong><\/td>\n<td>Nein<\/td>\n<\/tr>\n<tr>\n<td><strong>Hersteller<\/strong><\/td>\n<td>\u200eNavimow B.V.<\/td>\n<\/tr>\n<tr>\n<td><strong>Artikelnummer<\/strong><\/td>\n<td>i208 LiDAR+Garage M<\/td>\n<\/tr>\n<tr>\n<td><strong>Enthaltene Komponenten<\/strong><\/td>\n<td>Ersatzklingen und Schrauben, Garage M (Getrennt versandt werden), Ladestation und Montagekit, Netzadapter, i208 LiDAR<\/td>\n<\/tr>\n<tr>\n<td><strong>Anzahl von Einheiten<\/strong><\/td>\n<td>1.0 st\u00fcck<\/td>\n<\/tr>\n<tr>\n<td><strong>Amazon Bestseller-Rang<\/strong><\/td>\n<td><\/td>\n<\/tr>\n<tr>\n<td><strong>ASIN<\/strong><\/td>\n<td>B0GDZ8167S<\/td>\n<\/tr>\n<tr>\n<td><strong>Durchschnittliche Kundenbewertung<\/strong><\/td>\n<td><\/td>\n<\/tr>\n<tr>\n<td><strong>Betriebsart<\/strong><\/td>\n<td>Batteriebetrieben<\/td>\n<\/tr>\n<tr>\n<td><strong>Betriebsmodus<\/strong><\/td>\n<td>Automatisch<\/td>\n<\/tr>\n<tr>\n<td><strong>Maximale einstellbare Schnitth\u00f6he<\/strong><\/td>\n<td>5 Zentimeter<\/td>\n<\/tr>\n<tr>\n<td><strong>Anzahl der Positionen<\/strong><\/td>\n<td>6<\/td>\n<\/tr>\n<tr>\n<td><strong>Artikelgewicht<\/strong><\/td>\n<td>14,7 Kilogramm<\/td>\n<\/tr>\n<tr>\n<td><strong>Artikel Abmessungen T x B x H<\/strong><\/td>\n<td>63,5T x 44,5B x 28,8H cm<\/td>\n<\/tr>\n<tr>\n<td><strong>Farbe<\/strong><\/td>\n<td>Schwarz<\/td>\n<\/tr>\n<tr>\n<td><strong>Stil\/Form<\/strong><\/td>\n<td>i208 LiDAR+Garage M<\/td>\n<\/tr>\n<tr>\n<td><strong>Material<\/strong><\/td>\n<td>Metall<\/td>\n<\/tr>\n<\/tbody>\n<\/table>\n<\/ul>","protected":false},"excerpt":{"rendered":"<p>Product Overview Marke: NAVIMOW Stromquelle: Batteriebetrieben Material: Metall Farbe: Schwarz Stil: i208 LiDAR+Garage M Artikelgewicht: 14,7 Kilogramm Betriebsmodus: Automatisch Produktabmessungen:<\/p>","protected":false},"featured_media":31881,"comment_status":"open","ping_status":"closed","template":"","meta":[],"product_brand":[],"product_cat":[153],"product_tag":[],"class_list":{"0":"post-31749","1":"product","2":"type-product","3":"status-publish","4":"has-post-thumbnail","6":"product_cat-maehroboter","8":"first","9":"instock","10":"sale","11":"shipping-taxable","12":"purchasable","13":"product-type-variable"},"jetpack_sharing_enabled":true,"_links":{"self":[{"href":"https:\/\/floradarling.shop\/en\/wp-json\/wp\/v2\/product\/31749","targetHints":{"allow":["GET"]}}],"collection":[{"href":"https:\/\/floradarling.shop\/en\/wp-json\/wp\/v2\/product"}],"about":[{"href":"https:\/\/floradarling.shop\/en\/wp-json\/wp\/v2\/types\/product"}],"replies":[{"embeddable":true,"href":"https:\/\/floradarling.shop\/en\/wp-json\/wp\/v2\/comments?post=31749"}],"version-history":[{"count":0,"href":"https:\/\/floradarling.shop\/en\/wp-json\/wp\/v2\/product\/31749\/revisions"}],"wp:featuredmedia":[{"embeddable":true,"href":"https:\/\/floradarling.shop\/en\/wp-json\/wp\/v2\/media\/31881"}],"wp:attachment":[{"href":"https:\/\/floradarling.shop\/en\/wp-json\/wp\/v2\/media?parent=31749"}],"wp:term":[{"taxonomy":"product_brand","embeddable":true,"href":"https:\/\/floradarling.shop\/en\/wp-json\/wp\/v2\/product_brand?post=31749"},{"taxonomy":"product_cat","embeddable":true,"href":"https:\/\/floradarling.shop\/en\/wp-json\/wp\/v2\/product_cat?post=31749"},{"taxonomy":"product_tag","embeddable":true,"href":"https:\/\/floradarling.shop\/en\/wp-json\/wp\/v2\/product_tag?post=31749"}],"curies":[{"name":"wp","href":"https:\/\/api.w.org\/{rel}","templated":true}]}}