{"id":31741,"date":"2026-05-11T13:45:42","date_gmt":"2026-05-11T13:45:42","guid":{"rendered":"https:\/\/floradarling.shop\/product\/segway-navimow-i205-awd-neuer-i105e-mahroboter-ohne-begrenzungskabel-mit-garage-s-fur-500-m-allradantrieb-fur-45-steigung-nrtk-vision-keine-rtk-antenne-erforderlich-getrennter-versand\/"},"modified":"2026-05-11T13:45:42","modified_gmt":"2026-05-11T13:45:42","slug":"segway-navimow-i205-awd-neuer-i105e-mahroboter-ohne-begrenzungskabel-mit-garage-s-fur-500-m-allradantrieb-fur-45-steigung-nrtk-vision-keine-rtk-antenne-erforderlich-getrennter-versand","status":"publish","type":"product","link":"https:\/\/floradarling.shop\/en\/product\/segway-navimow-i205-awd-neuer-i105e-mahroboter-ohne-begrenzungskabel-mit-garage-s-fur-500-m-allradantrieb-fur-45-steigung-nrtk-vision-keine-rtk-antenne-erforderlich-getrennter-versand\/","title":{"rendered":"Segway Navimow i205 AWD M\u00e4hroboter ohne Begrenzungskabel 500m\u00b2 45% Steigung NRTK Vision mit Garage"},"content":{"rendered":"<p><strong>Product Overview<\/strong><\/p>\n<ul>\n<li>\n<strong>Marke:<\/strong> NAVIMOW<\/li>\n<li>\n<strong>Stromquelle:<\/strong> Batteriebetrieben<\/li>\n<li>\n<strong>Farbe:<\/strong> Schwarz, Grau<\/li>\n<li>\n<strong>Stil:<\/strong> i205 AWD + Garage S<\/li>\n<li>\n<strong>Artikelgewicht:<\/strong> 59,19 Kilogramm<\/li>\n<li>\n<strong>Schnittbreite:<\/strong> 18 Zentimeter<\/li>\n<li>\n<strong>Betriebsmodus:<\/strong> Automatisch<\/li>\n<li>\n<strong>Produktabmessungen:<\/strong> 54,5T x 38,5B x 28,5H cm<\/li>\n<li>\n<strong>Anzahl der Artikel:<\/strong> 1<\/li>\n<li>\n<strong>Montage erforderlich:<\/strong> Ja<\/li>\n<\/ul>\n<p><strong>Product Features<\/strong><\/p>\n<ul>\n<li>[Allradantrieb f\u00fcr extremes Gel\u00e4nde (bis 45% Steigung)]: Dank des elektronischen Stabilit\u00e4tskontrollsystems in Automobilqualit\u00e4t meistert der Navimow i205 AWD zuverl\u00e4ssig unebene, raue oder absch\u00fcssige Fl\u00e4chen. Selbst an 45%igen (24\u00b0) H\u00e4ngen bleibt das M\u00e4hen gleichm\u00e4\u00dfig und kontrolliert. Auf einer ebenen Fl\u00e4che von bis zu 500 m\u00b2 ist der M\u00e4hroboter in nur 8 Stunden fertig.<\/li>\n<li>[Rasenschonender Null-Wendekreis]: Die konzentrische Bauweise des dritten Rads erm\u00f6glicht echte Null-Wendekreise ohne Kratzer im Rasen. Die feinf\u00fchlige Lenkung sorgt f\u00fcr ein perfekt gleichm\u00e4\u00dfiges Schnittbild. Mit einer einstellbaren Schnitth\u00f6he von 2\u20136 cm und einer Schnittbreite von 18 cm erzielen Sie saubere, gleichm\u00e4\u00dfige Ergebnisse auf der gesamten Rasenfl\u00e4che.<\/li>\n<li>[On-Demand-Antrieb spart bis zu 30 % Energie]: Das intelligente, adaptive Antriebssystem aktiviert den dritten Motor nur bei Bedarf \u2013 das maximiert die Energieeffizienz, senkt den Verbrauch und verl\u00e4ngert die M\u00e4hzeit deutlich. Angetrieben von einem 2,5\u2011Ah\u2011Akku m\u00e4ht der i205 AWD pro Ladung bis zu 125 m\u00b2.<\/li>\n<li>[V\u00f6llig freih\u00e4ndige Inbetriebnahme]: Mit dem EFLS Netzwerk\u2011RTK und automatischer Kartierung per Fingertipp ist der M\u00e4her in wenigen Minuten einsatzbereit. Das verbesserte Tri-Frequenz-Netzwerk-RTK plus Vision liefert unterbrechungsfrei Zentimetergenauigkeit \u2013 selbst unter B\u00e4umen oder in schmalen G\u00e4ngen. Netzwerk-RTK ist kostenlos enthalten, die ben\u00f6tigten Mobilfunkdaten werden ebenfalls ohne Aufpreis bereitgestellt.<\/li>\n<li>[Intelligentes Multi\u2011Zonen\u2011Management und Sicherheitssystem]: Verwalten Sie bis zu 20 M\u00e4hzonen mit automatischer Pfadoptimierung f\u00fcr eine hocheffiziente Abdeckung. Nach dem automatischen Aufladen setzt der M\u00e4her den Vorgang nahtlos an der letzten Position fort. Zwei Sicherheitsalarme per App mit Echtzeit\u2011GPS warnen Sie, sobald der Roboter angehoben wird oder eine definierte Zone verl\u00e4sst.<\/li>\n<\/ul>\n<p><strong>Product Information<\/strong><\/p>\n<ul>\n<table style=\"margin-bottom:20px\">\n<tbody>\n<tr>\n<td><strong>Marke<\/strong><\/td>\n<td>NAVIMOW<\/td>\n<\/tr>\n<tr>\n<td><strong>Modellnummer<\/strong><\/td>\n<td>i205 AWD + Garage S<\/td>\n<\/tr>\n<tr>\n<td><strong>Erforderliche Montage<\/strong><\/td>\n<td>Ja<\/td>\n<\/tr>\n<tr>\n<td><strong>Hersteller<\/strong><\/td>\n<td>\u200eNavimow B.V.<\/td>\n<\/tr>\n<tr>\n<td><strong>Artikelnummer<\/strong><\/td>\n<td>i205 AWD + Garage S<\/td>\n<\/tr>\n<tr>\n<td><strong>Anzahl von Einheiten<\/strong><\/td>\n<td>1.0 st\u00fcck<\/td>\n<\/tr>\n<tr>\n<td><strong>Herkunftsland<\/strong><\/td>\n<td>China<\/td>\n<\/tr>\n<tr>\n<td><strong>Amazon Bestseller-Rang<\/strong><\/td>\n<td><\/td>\n<\/tr>\n<tr>\n<td><strong>ASIN<\/strong><\/td>\n<td>B0GRV87TPH<\/td>\n<\/tr>\n<tr>\n<td><strong>Durchschnittliche Kundenbewertung<\/strong><\/td>\n<td><\/td>\n<\/tr>\n<tr>\n<td><strong>Betriebsart<\/strong><\/td>\n<td>Batteriebetrieben<\/td>\n<\/tr>\n<tr>\n<td><strong>Betriebsmodus<\/strong><\/td>\n<td>Automatisch<\/td>\n<\/tr>\n<tr>\n<td><strong>Maximale einstellbare Schnitth\u00f6he<\/strong><\/td>\n<td>6 Zentimeter<\/td>\n<\/tr>\n<tr>\n<td><strong>Minimale einstellbare Schnitth\u00f6he<\/strong><\/td>\n<td>2 Zentimeter<\/td>\n<\/tr>\n<tr>\n<td><strong>Artikelgewicht<\/strong><\/td>\n<td>59,19 Kilogramm<\/td>\n<\/tr>\n<tr>\n<td><strong>Schnittbreite<\/strong><\/td>\n<td>18 Zentimeter<\/td>\n<\/tr>\n<tr>\n<td><strong>Artikel Abmessungen T x B x H<\/strong><\/td>\n<td>54,5T x 38,5B x 28,5H cm<\/td>\n<\/tr>\n<tr>\n<td><strong>Farbe<\/strong><\/td>\n<td>Schwarz, Grau<\/td>\n<\/tr>\n<tr>\n<td><strong>Stil\/Form<\/strong><\/td>\n<td>i205 AWD + Garage S<\/td>\n<\/tr>\n<\/tbody>\n<\/table>\n<\/ul>\n","protected":false},"excerpt":{"rendered":"<p>Product Overview Marke: NAVIMOW Stromquelle: Batteriebetrieben Farbe: Schwarz, Grau Stil: i205 AWD + Garage S Artikelgewicht: 59,19 Kilogramm Schnittbreite: 18<\/p>","protected":false},"featured_media":31859,"comment_status":"open","ping_status":"closed","template":"","meta":[],"product_brand":[],"product_cat":[153],"product_tag":[],"class_list":{"0":"post-31741","1":"product","2":"type-product","3":"status-publish","4":"has-post-thumbnail","6":"product_cat-maehroboter","8":"first","9":"instock","10":"sale","11":"shipping-taxable","12":"purchasable","13":"product-type-variable"},"jetpack_sharing_enabled":true,"_links":{"self":[{"href":"https:\/\/floradarling.shop\/en\/wp-json\/wp\/v2\/product\/31741","targetHints":{"allow":["GET"]}}],"collection":[{"href":"https:\/\/floradarling.shop\/en\/wp-json\/wp\/v2\/product"}],"about":[{"href":"https:\/\/floradarling.shop\/en\/wp-json\/wp\/v2\/types\/product"}],"replies":[{"embeddable":true,"href":"https:\/\/floradarling.shop\/en\/wp-json\/wp\/v2\/comments?post=31741"}],"version-history":[{"count":0,"href":"https:\/\/floradarling.shop\/en\/wp-json\/wp\/v2\/product\/31741\/revisions"}],"wp:featuredmedia":[{"embeddable":true,"href":"https:\/\/floradarling.shop\/en\/wp-json\/wp\/v2\/media\/31859"}],"wp:attachment":[{"href":"https:\/\/floradarling.shop\/en\/wp-json\/wp\/v2\/media?parent=31741"}],"wp:term":[{"taxonomy":"product_brand","embeddable":true,"href":"https:\/\/floradarling.shop\/en\/wp-json\/wp\/v2\/product_brand?post=31741"},{"taxonomy":"product_cat","embeddable":true,"href":"https:\/\/floradarling.shop\/en\/wp-json\/wp\/v2\/product_cat?post=31741"},{"taxonomy":"product_tag","embeddable":true,"href":"https:\/\/floradarling.shop\/en\/wp-json\/wp\/v2\/product_tag?post=31741"}],"curies":[{"name":"wp","href":"https:\/\/api.w.org\/{rel}","templated":true}]}}