{"id":31740,"date":"2026-05-11T13:45:42","date_gmt":"2026-05-11T13:45:42","guid":{"rendered":"https:\/\/floradarling.shop\/product\/segway-navimow-i205-awd-mahroboter-ohne-begrenzungskabel-mit-garage-s-empf-500-m-allradantrieb-fur-steigungen-bis-zu-45-efls-nrtk-vision-keine-rtk-antenne-erforderlich\/"},"modified":"2026-05-11T13:45:42","modified_gmt":"2026-05-11T13:45:42","slug":"segway-navimow-i205-awd-mahroboter-ohne-begrenzungskabel-mit-garage-s-empf-500-m-allradantrieb-fur-steigungen-bis-zu-45-efls-nrtk-vision-keine-rtk-antenne-erforderlich","status":"publish","type":"product","link":"https:\/\/floradarling.shop\/en\/product\/segway-navimow-i205-awd-mahroboter-ohne-begrenzungskabel-mit-garage-s-empf-500-m-allradantrieb-fur-steigungen-bis-zu-45-efls-nrtk-vision-keine-rtk-antenne-erforderlich\/","title":{"rendered":"Segway Navimow i205 AWD M\u00e4hroboter Ohne Begrenzungskabel 500m\u00b2 45% Steigung NRTK Vision Garage S"},"content":{"rendered":"<p><strong>Product Overview<\/strong><\/p>\n<ul>\n<li>\n<strong>Marke:<\/strong> NAVIMOW<\/li>\n<li>\n<strong>Stromquelle:<\/strong> Batteriebetrieben<\/li>\n<li>\n<strong>Stil:<\/strong> High-Tech<\/li>\n<li>\n<strong>Schnittbreite:<\/strong> 18 Zentimeter<\/li>\n<li>\n<strong>Betriebsmodus:<\/strong> Automatisch<\/li>\n<li>\n<strong>Maximale einstellbare Schnitth\u00f6he:<\/strong> 6 Zentimeter<\/li>\n<li>\n<strong>Anzahl der Einheiten:<\/strong> 1.0 st\u00fcck<\/li>\n<li>\n<strong>Minimale einstellbare Schnitth\u00f6he:<\/strong> 2 Zentimeter<\/li>\n<\/ul>\n<p><strong>Product Features<\/strong><\/p>\n<ul>\n<li>Allradantrieb, Leistung auf jedem Gel\u00e4nde Bezwingen Sie unebenes, raues oder absch\u00fcssiges Gel\u00e4nde mit Zuversicht. Das elektronische Stabilit\u00e4tskontrollsystem in Automobilqualit\u00e4t stabilisiert den M\u00e4her aktiv und erm\u00f6glicht so ein au\u00dfergew\u00f6hnlich gleichm\u00e4\u00dfiges und kontrolliertes M\u00e4hen auch an anspruchsvollen 45%igen (24\u00b0) H\u00e4ngen. Navimow i205 AWD M\u00e4hroboter schafft bis zu 500 \u33a1 Rasenfl\u00e4che innerhalb von nur 8 Stunden.<\/li>\n<li>Null-Wendekreis, rasenschonend: Die konzentrische Konstruktion des dritten Rades erm\u00f6glicht echte Null-Wendekreise ohne Rasenkratzen. Feinf\u00fchlige Lenkung f\u00fcr ein perfekt gleichm\u00e4\u00dfiges M\u00e4hergebnis. Einstellbare Schnitth\u00f6he von 2\u20136 cm bei einer Schnittbreite von 18 cm f\u00fcr saubere und gleichm\u00e4\u00dfige Ergebnisse auf der gesamten Rasenfl\u00e4che.<\/li>\n<li>On-Demand-Antrieb f\u00fcr bis zu 30 % Energieeinsparung: Das intelligente adaptive Antriebssystem schaltet den dritten Motor nur dann zu, wenn zus\u00e4tzliche Leistung ben\u00f6tigt wird. Dadurch wird die Energieeffizienz maximiert, der Verbrauch reduziert und die M\u00e4hzeit deutlich verl\u00e4ngert. Der i205 AWD Rasenm\u00e4her wird von einem 2,5-Ah-Akku angetrieben und m\u00e4ht bis zu 125 m\u00b2 mit einer einzigen Ladung.<\/li>\n<li>Vollst\u00e4ndig freih\u00e4ndige Bereitstellung: EFLS Netzwerk-RTK mit automatischer Kartierung per Fingertipp erm\u00f6glicht die Bereitstellung in wenigen Minuten, w\u00e4hrend das verbesserte Tri-Frequenz-Netzwerk-RTK in Kombination mit Vision eine unterbrechungsfreie Genauigkeit auf Zentimeter genau gew\u00e4hrleistet \u2013 selbst unter B\u00e4umen oder auf schmalen Wegen. Netzwerk-RTK ist ohne Zusatzkosten enthalten, und die erforderlichen Mobilfunkdaten werden kostenlos bereitgestellt.<\/li>\n<li>Intelligentes Multi-Zonen-Management und Intelligentes Sicherheitssystem: Verwalten Sie bis zu 20 M\u00e4hzonen mit automatischer Pfadoptimierung f\u00fcr eine effiziente Abdeckung. Setzt den Ladevorgang nach dem automatischen Aufladen nahtlos von der letzten Position fort. Zwei Sicherheitsalarme benachrichtigen Sie per App mit Echtzeit-GPS, wenn der Rasenm\u00e4her angehoben wird oder festgelegte Zonen verl\u00e4sst.<\/li>\n<\/ul>\n<p><strong>Product Information<\/strong><\/p>\n<ul>\n<table style=\"margin-bottom:20px\">\n<tbody>\n<tr>\n<td><strong>Marke<\/strong><\/td>\n<td>NAVIMOW<\/td>\n<\/tr>\n<tr>\n<td><strong>Anzahl von Einheiten<\/strong><\/td>\n<td>1.0 st\u00fcck<\/td>\n<\/tr>\n<tr>\n<td><strong>ASIN<\/strong><\/td>\n<td>B0GM8DMHLT<\/td>\n<\/tr>\n<tr>\n<td><strong>Durchschnittliche Kundenbewertung<\/strong><\/td>\n<td><\/td>\n<\/tr>\n<tr>\n<td><strong>Betriebsart<\/strong><\/td>\n<td>Batteriebetrieben<\/td>\n<\/tr>\n<tr>\n<td><strong>Betriebsmodus<\/strong><\/td>\n<td>Automatisch<\/td>\n<\/tr>\n<tr>\n<td><strong>Maximale einstellbare Schnitth\u00f6he<\/strong><\/td>\n<td>6 Zentimeter<\/td>\n<\/tr>\n<tr>\n<td><strong>Minimale einstellbare Schnitth\u00f6he<\/strong><\/td>\n<td>2 Zentimeter<\/td>\n<\/tr>\n<tr>\n<td><strong>Schnittbreite<\/strong><\/td>\n<td>18 Zentimeter<\/td>\n<\/tr>\n<tr>\n<td><strong>Stil\/Form<\/strong><\/td>\n<td>High-Tech<\/td>\n<\/tr>\n<\/tbody>\n<\/table>\n<\/ul>","protected":false},"excerpt":{"rendered":"<p>Product Overview Marke: NAVIMOW Stromquelle: Batteriebetrieben Stil: High-Tech Schnittbreite: 18 Zentimeter Betriebsmodus: Automatisch Maximale einstellbare Schnitth\u00f6he: 6 Zentimeter Anzahl der<\/p>","protected":false},"featured_media":31855,"comment_status":"open","ping_status":"closed","template":"","meta":[],"product_brand":[],"product_cat":[153],"product_tag":[],"class_list":{"0":"post-31740","1":"product","2":"type-product","3":"status-publish","4":"has-post-thumbnail","6":"product_cat-maehroboter","8":"first","9":"instock","10":"sale","11":"shipping-taxable","12":"purchasable","13":"product-type-simple"},"jetpack_sharing_enabled":true,"_links":{"self":[{"href":"https:\/\/floradarling.shop\/en\/wp-json\/wp\/v2\/product\/31740","targetHints":{"allow":["GET"]}}],"collection":[{"href":"https:\/\/floradarling.shop\/en\/wp-json\/wp\/v2\/product"}],"about":[{"href":"https:\/\/floradarling.shop\/en\/wp-json\/wp\/v2\/types\/product"}],"replies":[{"embeddable":true,"href":"https:\/\/floradarling.shop\/en\/wp-json\/wp\/v2\/comments?post=31740"}],"version-history":[{"count":0,"href":"https:\/\/floradarling.shop\/en\/wp-json\/wp\/v2\/product\/31740\/revisions"}],"wp:featuredmedia":[{"embeddable":true,"href":"https:\/\/floradarling.shop\/en\/wp-json\/wp\/v2\/media\/31855"}],"wp:attachment":[{"href":"https:\/\/floradarling.shop\/en\/wp-json\/wp\/v2\/media?parent=31740"}],"wp:term":[{"taxonomy":"product_brand","embeddable":true,"href":"https:\/\/floradarling.shop\/en\/wp-json\/wp\/v2\/product_brand?post=31740"},{"taxonomy":"product_cat","embeddable":true,"href":"https:\/\/floradarling.shop\/en\/wp-json\/wp\/v2\/product_cat?post=31740"},{"taxonomy":"product_tag","embeddable":true,"href":"https:\/\/floradarling.shop\/en\/wp-json\/wp\/v2\/product_tag?post=31740"}],"curies":[{"name":"wp","href":"https:\/\/api.w.org\/{rel}","templated":true}]}}