{"id":31734,"date":"2026-05-11T13:45:41","date_gmt":"2026-05-11T13:45:41","guid":{"rendered":"https:\/\/floradarling.shop\/product\/mova-viax-500-mahroboter-ohne-begrenzungskabel-empf-500-m-ki-gestutzte-kartierung-360-lidar-dual-ki-vision-intelligente-hindernisvermeidung-u-fahrbahn-kantenschnitt-app-steuerung\/"},"modified":"2026-05-11T13:45:42","modified_gmt":"2026-05-11T13:45:42","slug":"mova-viax-500-mahroboter-ohne-begrenzungskabel-empf-500-m-ki-gestutzte-kartierung-360-lidar-dual-ki-vision-intelligente-hindernisvermeidung-u-fahrbahn-kantenschnitt-app-steuerung","status":"publish","type":"product","link":"https:\/\/floradarling.shop\/en\/product\/mova-viax-500-mahroboter-ohne-begrenzungskabel-empf-500-m-ki-gestutzte-kartierung-360-lidar-dual-ki-vision-intelligente-hindernisvermeidung-u-fahrbahn-kantenschnitt-app-steuerung\/","title":{"rendered":"Mova ViAX 500 M\u00e4hroboter Ohne Begrenzungskabel 500m\u00b2 LiDAR KI-Kartierung Kantenschnitt App-Steuerung"},"content":{"rendered":"<p><strong>Product Overview<\/strong><\/p>\n<ul>\n<li>\n<strong>Marke:<\/strong> Mova<\/li>\n<li>\n<strong>Stromquelle:<\/strong> Batteriebetrieben<\/li>\n<li>\n<strong>Farbe:<\/strong> Grigio<\/li>\n<li>\n<strong>Stil:<\/strong> ViAX 500<\/li>\n<li>\n<strong>Artikelgewicht:<\/strong> 13 Kilogramm<\/li>\n<li>\n<strong>Schnittbreite:<\/strong> 60<\/li>\n<li>\n<strong>Betriebsmodus:<\/strong> Automatisch<\/li>\n<li>\n<strong>Produktabmessungen:<\/strong> 59,5T x 27,2B x 38H cm<\/li>\n<li>\n<strong>Smart-Home-Kompatibilit\u00e4t:<\/strong> Smart-Home-kompatibel<\/li>\n<li>\n<strong>Anzahl der Artikel:<\/strong> 1<\/li>\n<\/ul>\n<p><strong>Product Features<\/strong><\/p>\n<ul>\n<li>[Einrichtung von kabellosen Begrenzungen und KI-gest\u00fctzte Kartierung] Ohne Begrenzungsdr\u00e4hte, RTK-Stationen oder Antennen. ViAX 500 kartiert Ihren Garten und erstellt pr\u00e4zise virtuelle Begrenzungen, sodass Sie vom ersten Tag an mit minimalem Aufwand und ohne komplexe Installation m\u00e4hen k\u00f6nnen<\/li>\n<li>[UltraEyes 2.0: Doppelte KI-Sicht + 360\u00b0-LiDAR] UltraEyes 2.0 kombiniert zwei Ultra-HDR-KI-Kameras mit 360\u00b0-LiDAR f\u00fcr eine hochpr\u00e4zise Umgebungswahrnehmung. Sein Sensorsystem erm\u00f6glicht intelligente Kartierung, stabile Navigation und zuverl\u00e4ssige Hinderniserkennung \u2013 selbst in Gebieten mit eingeschr\u00e4nktem oder gest\u00f6rtem GPS-Empfang<\/li>\n<li>[Effizientes M\u00e4hen mit vollst\u00e4ndiger Abdeckung] Der ViAX 500 bietet eine effiziente Abdeckung des gesamten Rasens dank seiner pr\u00e4zisen U-f\u00f6rmigen Wegplanung und dem Dual-Modus-Kantenschnitt. Er optimiert die M\u00e4hwege f\u00fcr maximale Effizienz, wechselt automatisch zwischen M\u00e4hvorg\u00e4ngen entlang der Begrenzung und innerhalb der Begrenzung, um sich an unebenes Gel\u00e4nde anzupassen, und sorgt f\u00fcr saubere Rasenkanten mit weniger manuellem Nachschneiden<\/li>\n<li>[Entwickelt f\u00fcr Steigungen, schmale Pfade und anspruchsvolles Gel\u00e4nde] ViAX wurde f\u00fcr reale G\u00e4rten entwickelt und navigiert durch Passagen mit einer Breite von nur 60 cm, bew\u00e4ltigt Steigungen von bis zu 40 % und \u00fcberwindet Hindernisse von bis zu 4 cm H\u00f6he. Robuste Offroad-R\u00e4der sorgen f\u00fcr starke Traktion, um ein Verrutschen oder Festfahren zu reduzieren, und gew\u00e4hrleisten so ein stabiles, zuverl\u00e4ssiges M\u00e4hen mit minimaler Belastung des Rasens<\/li>\n<li>[Intelligente App-Steuerung und Mehrzonen-Zeitplanung] ViAX verwaltet mehrere G\u00e4rten oder getrennte Rasenfl\u00e4chen durch die Bereitstellung einer Dual-Map-Verwaltung f\u00fcr bis zu 150 Zonen. Passen Sie verschiedene M\u00e4hzonen ganz einfach an und legen Sie Zeitpl\u00e4ne aus der Ferne \u00fcber die MOVAhome-App fest, sodass Sie jederzeit und \u00fcberall flexibel und individuell m\u00e4hen k\u00f6nnen<\/li>\n<li>[KI-Hindernisvermeidung mit Erkennung von \u00fcber 300 Objekten] Dank UltraEyes 2.0 erkennt und umf\u00e4hrt der ViAX 500 intelligent \u00fcber 300 Arten von Hindernissen. Dieses fortschrittliche System sorgt f\u00fcr sicheres, reibungsloses und zuverl\u00e4ssiges M\u00e4hen, selbst in engen Passagen oder bei komplexen Grundst\u00fccksformen<\/li>\n<li>[Diebstahlschutz und komfortable Ger\u00e4uscharmut] TrueGuard Security bietet KI-gest\u00fctzte Personenerkennung, Live-Videopatrouillen und Diebstahlwarnungen, um Ihren Rasenm\u00e4her zu sch\u00fctzen. Die optionale GPS-Ortung sorgt f\u00fcr zus\u00e4tzliche Sicherheit, w\u00e4hrend der leise Betrieb, die Wetteranpassung und die einfache Reinigung ein komfortables und unbeschwertes t\u00e4gliches Erlebnis gew\u00e4hrleisten<\/li>\n<\/ul>\n<p><strong>Product Information<\/strong><\/p>\n<ul>\n<table style=\"margin-bottom:20px\">\n<tbody>\n<tr>\n<td><strong>Marke<\/strong><\/td>\n<td>Mova<\/td>\n<\/tr>\n<tr>\n<td><strong>Modellnummer<\/strong><\/td>\n<td>MVLM2100<\/td>\n<\/tr>\n<tr>\n<td><strong>Erforderliche Montage<\/strong><\/td>\n<td>Nein<\/td>\n<\/tr>\n<tr>\n<td><strong>Hersteller<\/strong><\/td>\n<td>Mova<\/td>\n<\/tr>\n<tr>\n<td><strong>Artikelnummer<\/strong><\/td>\n<td>MVLM2100<\/td>\n<\/tr>\n<tr>\n<td><strong>Anzahl von Einheiten<\/strong><\/td>\n<td>1.0 Mower<\/td>\n<\/tr>\n<tr>\n<td><strong>Herkunftsland<\/strong><\/td>\n<td>China<\/td>\n<\/tr>\n<tr>\n<td><strong>Artikeltypbezeichnung<\/strong><\/td>\n<td>Lawn Mower<\/td>\n<\/tr>\n<tr>\n<td><strong>Amazon Bestseller-Rang<\/strong><\/td>\n<td><\/td>\n<\/tr>\n<tr>\n<td><strong>ASIN<\/strong><\/td>\n<td>B0GL8KP243<\/td>\n<\/tr>\n<tr>\n<td><strong>Durchschnittliche Kundenbewertung<\/strong><\/td>\n<td><\/td>\n<\/tr>\n<tr>\n<td><strong>Betriebsart<\/strong><\/td>\n<td>Batteriebetrieben<\/td>\n<\/tr>\n<tr>\n<td><strong>Betriebsmodus<\/strong><\/td>\n<td>Automatisch<\/td>\n<\/tr>\n<tr>\n<td><strong>Smart-Home-Kompatibilit\u00e4t<\/strong><\/td>\n<td>Smart-Home-kompatibel<\/td>\n<\/tr>\n<tr>\n<td><strong>Artikelgewicht<\/strong><\/td>\n<td>13 Kilogramm<\/td>\n<\/tr>\n<tr>\n<td><strong>Schnittbreite<\/strong><\/td>\n<td>60<\/td>\n<\/tr>\n<tr>\n<td><strong>Artikel Abmessungen T x B x H<\/strong><\/td>\n<td>59,5T x 27,2B x 38H cm<\/td>\n<\/tr>\n<tr>\n<td><strong>Farbe<\/strong><\/td>\n<td>Grigio<\/td>\n<\/tr>\n<tr>\n<td><strong>Stil\/Form<\/strong><\/td>\n<td>ViAX 500<\/td>\n<\/tr>\n<\/tbody>\n<\/table>\n<\/ul>\n","protected":false},"excerpt":{"rendered":"<p>Product Overview Marke: Mova Stromquelle: Batteriebetrieben Farbe: Grigio Stil: ViAX 500 Artikelgewicht: 13 Kilogramm Schnittbreite: 60 Betriebsmodus: Automatisch Produktabmessungen: 59,5T<\/p>","protected":false},"featured_media":31836,"comment_status":"open","ping_status":"closed","template":"","meta":[],"product_brand":[],"product_cat":[153],"product_tag":[],"class_list":{"0":"post-31734","1":"product","2":"type-product","3":"status-publish","4":"has-post-thumbnail","6":"product_cat-maehroboter","8":"first","9":"instock","10":"sale","11":"shipping-taxable","12":"purchasable","13":"product-type-variable"},"jetpack_sharing_enabled":true,"_links":{"self":[{"href":"https:\/\/floradarling.shop\/en\/wp-json\/wp\/v2\/product\/31734","targetHints":{"allow":["GET"]}}],"collection":[{"href":"https:\/\/floradarling.shop\/en\/wp-json\/wp\/v2\/product"}],"about":[{"href":"https:\/\/floradarling.shop\/en\/wp-json\/wp\/v2\/types\/product"}],"replies":[{"embeddable":true,"href":"https:\/\/floradarling.shop\/en\/wp-json\/wp\/v2\/comments?post=31734"}],"version-history":[{"count":0,"href":"https:\/\/floradarling.shop\/en\/wp-json\/wp\/v2\/product\/31734\/revisions"}],"wp:featuredmedia":[{"embeddable":true,"href":"https:\/\/floradarling.shop\/en\/wp-json\/wp\/v2\/media\/31836"}],"wp:attachment":[{"href":"https:\/\/floradarling.shop\/en\/wp-json\/wp\/v2\/media?parent=31734"}],"wp:term":[{"taxonomy":"product_brand","embeddable":true,"href":"https:\/\/floradarling.shop\/en\/wp-json\/wp\/v2\/product_brand?post=31734"},{"taxonomy":"product_cat","embeddable":true,"href":"https:\/\/floradarling.shop\/en\/wp-json\/wp\/v2\/product_cat?post=31734"},{"taxonomy":"product_tag","embeddable":true,"href":"https:\/\/floradarling.shop\/en\/wp-json\/wp\/v2\/product_tag?post=31734"}],"curies":[{"name":"wp","href":"https:\/\/api.w.org\/{rel}","templated":true}]}}