{"id":31729,"date":"2026-05-11T13:45:40","date_gmt":"2026-05-11T13:45:40","guid":{"rendered":"https:\/\/floradarling.shop\/product\/mova-viax-250-mahroboter-ohne-begrenzungskabel-empf-250m-ki-gestutzte-kartierung-u-formige-bahnen-hindernisvermeidung-dual-vision-besserer-kantenschnitt-fur-komplexe-gelande-appsteuerung\/"},"modified":"2026-05-11T13:45:42","modified_gmt":"2026-05-11T13:45:42","slug":"mova-viax-250-mahroboter-ohne-begrenzungskabel-empf-250m-ki-gestutzte-kartierung-u-formige-bahnen-hindernisvermeidung-dual-vision-besserer-kantenschnitt-fur-komplexe-gelande-appsteuerung","status":"publish","type":"product","link":"https:\/\/floradarling.shop\/en\/product\/mova-viax-250-mahroboter-ohne-begrenzungskabel-empf-250m-ki-gestutzte-kartierung-u-formige-bahnen-hindernisvermeidung-dual-vision-besserer-kantenschnitt-fur-komplexe-gelande-appsteuerung\/","title":{"rendered":"Mova ViAX 250 M\u00e4hroboter Ohne Begrenzungskabel 250m\u00b2 LiDAR KI-Kartierung Dual-Vision Kantenschnitt App"},"content":{"rendered":"<p><strong>Product Overview<\/strong><\/p>\n<ul>\n<li>\n<strong>Marke:<\/strong> Mova<\/li>\n<li>\n<strong>Stromquelle:<\/strong> Batteriebetrieben<\/li>\n<li>\n<strong>Material:<\/strong> Kunststoff<\/li>\n<li>\n<strong>Farbe:<\/strong> Grigio<\/li>\n<li>\n<strong>Stil:<\/strong> ViAX 250<\/li>\n<li>\n<strong>Artikelgewicht:<\/strong> 13,8 Kilogramm<\/li>\n<li>\n<strong>Betriebsmodus:<\/strong> Automatisch<\/li>\n<li>\n<strong>Produktabmessungen:<\/strong> 59,5T x 27,2B x 38H cm<\/li>\n<li>\n<strong>Smart-Home-Kompatibilit\u00e4t:<\/strong> Smart-Home-kompatibel<\/li>\n<li>\n<strong>Anzahl der Artikel:<\/strong> 1<\/li>\n<\/ul>\n<p><strong>Product Features<\/strong><\/p>\n<ul>\n<li>[Einrichtung von kabellosen Begrenzungen und KI-gest\u00fctzte Kartierung] Optimieren Sie Ihre Rasenpflege mit ViAX. Dank UltraEyes 1.0 kartiert das Ger\u00e4t Ihren Rasen und richtet virtuelle Grenzen ein \u2013 v\u00f6llig kabellos, ohne RTK-Stationen oder Signalpfosten. Diese intelligente, vollst\u00e4ndig kabellose Kartierung gew\u00e4hrleistet eine pr\u00e4zise Abdeckung und m\u00fchelose Pflege Ihres gesamten Gartens<\/li>\n<li>[UltraEyes 1.0: Dual-Vision-System mit HDR-Bildgebung] UltraEyes 1.0 kombiniert HDR-Bildgebung mit intelligenten Algorithmen, um eine millimetergenaue Weitwinkelwahrnehmung f\u00fcr die Kartierung und Hindernisvermeidung zu erm\u00f6glichen. Ein Sichtfeld von 120\u00b0 \u00d7 70\u00b0 und eine Erkennungsreichweite von 50 m erfassen Ihren Rasen detailliert f\u00fcr eine zuverl\u00e4ssige Leistung auch ohne GPS oder externe Signale sowie eine pr\u00e4zise und robuste Navigation<\/li>\n<li>[Effizientes und fl\u00e4chendeckendes M\u00e4hen] ViAX sorgt f\u00fcr hocheffiziente, vollst\u00e4ndige Rasenabdeckung durch pr\u00e4zise U-f\u00f6rmige Bahnplanung und Dual-Mode-Kantenschnitt. Es nutzt optimierte M\u00e4hrouten f\u00fcr maximale Effizienz und minimale \u00dcberlappung, wechselt je nach H\u00f6henunterschieden zwischen M\u00e4hvorg\u00e4ngen an und entlang der Grenze, passt sich unebenem Gel\u00e4nde an und reduziert manuellen Schnitt<\/li>\n<li>[Beherrschung komplexer Landschaften] MOVA ViAX navigiert souver\u00e4n durch Wege mit einer Breite von nur 60 cm, bew\u00e4ltigt Steigungen von bis zu 40 % und \u00fcberwindet Hindernisse mit einer H\u00f6he von bis zu 4 cm. Sein Frontantrieb, die omnidirektionale Hinterradlenkung und die Gel\u00e4ndereifen sorgen f\u00fcr starke Traktion und agile Bewegungen f\u00fcr eine zuverl\u00e4ssige Leistung auf segmentierten Rasenfl\u00e4chen, unebenen Oberfl\u00e4chen und in engen Kurven<\/li>\n<li>[Intelligente App-Steuerung f\u00fcr flexibles Rasenmanagement] Mit ViAX k\u00f6nnen Sie m\u00fchelos mehrere G\u00e4rten oder getrennte Rasenfl\u00e4chen verwalten, da das Ger\u00e4t \u00fcber eine Dual-Kartenverwaltung verf\u00fcgt. Passen Sie verschiedene M\u00e4hzonen ganz einfach an und legen Sie Zeitpl\u00e4ne per Fernzugriff \u00fcber die MOVAhome-App fest, sodass Sie jederzeit und \u00fcberall ein wirklich individuelles M\u00e4herlebnis genie\u00dfen k\u00f6nnen<\/li>\n<li>[KI-Hindernisvermeidung 300+] Ausgestattet mit dem Dual-Vision-System UltraEyes 1.0 erkennt und umf\u00e4hrt ViAX intelligent \u00fcber 300 Hindernisse. Seine fortschrittlichen KI-Algorithmen analysieren verschiedene Objekte \u2013 von Menschen, Haustieren, Spielzeug und Gartenm\u00f6beln bis hin zu kleineren Gegenst\u00e4nden wie einem Gartenschlauch \u2013 und sorgen so f\u00fcr sicheres, pr\u00e4zises und zuverl\u00e4ssiges M\u00e4hen auch in komplexen Gartenumgebungen<\/li>\n<li>[Diebstahlschutz &#038; echter Komfort] Mit TrueGuard sch\u00fctzt ViAX Ihren Garten durch KI-gest\u00fctzte Live-Video\u00fcberwachung und Personenerkennung. Die Diebstahlschutzfunktionen l\u00f6sen bei einem Diebstahl Alarm und App-Benachrichtigungen aus. Mit dem optionalen MOVA Link-Modul* k\u00f6nnen Sie den Standort jederzeit \u00fcber GPS verfolgen. ViAX ist leise, energieeffizient, wetterfest und leicht zu reinigen und bietet Sicherheit mit allt\u00e4glichem Komfort<\/li>\n<\/ul>\n<p><strong>Product Information<\/strong><\/p>\n<ul>\n<table style=\"margin-bottom:20px\">\n<tbody>\n<tr>\n<td><strong>Marke<\/strong><\/td>\n<td>Mova<\/td>\n<\/tr>\n<tr>\n<td><strong>Modellnummer<\/strong><\/td>\n<td>MVVV1100<\/td>\n<\/tr>\n<tr>\n<td><strong>Erforderliche Montage<\/strong><\/td>\n<td>Nein<\/td>\n<\/tr>\n<tr>\n<td><strong>Hersteller<\/strong><\/td>\n<td>Mova<\/td>\n<\/tr>\n<tr>\n<td><strong>Artikelnummer<\/strong><\/td>\n<td>MVVV1100<\/td>\n<\/tr>\n<tr>\n<td><strong>Anzahl von Einheiten<\/strong><\/td>\n<td>1.0 Mower<\/td>\n<\/tr>\n<tr>\n<td><strong>Herkunftsland<\/strong><\/td>\n<td>China<\/td>\n<\/tr>\n<tr>\n<td><strong>Artikeltypbezeichnung<\/strong><\/td>\n<td>Lawn Mower<\/td>\n<\/tr>\n<tr>\n<td><strong>Amazon Bestseller-Rang<\/strong><\/td>\n<td><\/td>\n<\/tr>\n<tr>\n<td><strong>ASIN<\/strong><\/td>\n<td>B0G5B2W2MD<\/td>\n<\/tr>\n<tr>\n<td><strong>Durchschnittliche Kundenbewertung<\/strong><\/td>\n<td><\/td>\n<\/tr>\n<tr>\n<td><strong>Material<\/strong><\/td>\n<td>Kunststoff<\/td>\n<\/tr>\n<tr>\n<td><strong>Betriebsart<\/strong><\/td>\n<td>Batteriebetrieben<\/td>\n<\/tr>\n<tr>\n<td><strong>Betriebsmodus<\/strong><\/td>\n<td>Automatisch<\/td>\n<\/tr>\n<tr>\n<td><strong>Smart-Home-Kompatibilit\u00e4t<\/strong><\/td>\n<td>Smart-Home-kompatibel<\/td>\n<\/tr>\n<tr>\n<td><strong>Maximale einstellbare Schnitth\u00f6he<\/strong><\/td>\n<td>69,51 Zentimeter<\/td>\n<\/tr>\n<tr>\n<td><strong>durchschnittliche Batterielaufzeit<\/strong><\/td>\n<td>60 Minuten<\/td>\n<\/tr>\n<tr>\n<td><strong>Minimale einstellbare Schnitth\u00f6he<\/strong><\/td>\n<td>59,51 Zentimeter<\/td>\n<\/tr>\n<tr>\n<td><strong>Anzahl der Positionen<\/strong><\/td>\n<td>5<\/td>\n<\/tr>\n<tr>\n<td><strong>Artikelgewicht<\/strong><\/td>\n<td>13,8 Kilogramm<\/td>\n<\/tr>\n<tr>\n<td><strong>Artikel Abmessungen T x B x H<\/strong><\/td>\n<td>59,5T x 27,2B x 38H cm<\/td>\n<\/tr>\n<tr>\n<td><strong>Farbe<\/strong><\/td>\n<td>Grigio<\/td>\n<\/tr>\n<tr>\n<td><strong>Stil\/Form<\/strong><\/td>\n<td>ViAX 250<\/td>\n<\/tr>\n<\/tbody>\n<\/table>\n<\/ul>\n","protected":false},"excerpt":{"rendered":"<p>Product Overview Marke: Mova Stromquelle: Batteriebetrieben Material: Kunststoff Farbe: Grigio Stil: ViAX 250 Artikelgewicht: 13,8 Kilogramm Betriebsmodus: Automatisch Produktabmessungen: 59,5T<\/p>","protected":false},"featured_media":31824,"comment_status":"open","ping_status":"closed","template":"","meta":[],"product_brand":[],"product_cat":[153],"product_tag":[],"class_list":{"0":"post-31729","1":"product","2":"type-product","3":"status-publish","4":"has-post-thumbnail","6":"product_cat-maehroboter","8":"first","9":"instock","10":"sale","11":"shipping-taxable","12":"purchasable","13":"product-type-variable"},"jetpack_sharing_enabled":true,"_links":{"self":[{"href":"https:\/\/floradarling.shop\/en\/wp-json\/wp\/v2\/product\/31729","targetHints":{"allow":["GET"]}}],"collection":[{"href":"https:\/\/floradarling.shop\/en\/wp-json\/wp\/v2\/product"}],"about":[{"href":"https:\/\/floradarling.shop\/en\/wp-json\/wp\/v2\/types\/product"}],"replies":[{"embeddable":true,"href":"https:\/\/floradarling.shop\/en\/wp-json\/wp\/v2\/comments?post=31729"}],"version-history":[{"count":0,"href":"https:\/\/floradarling.shop\/en\/wp-json\/wp\/v2\/product\/31729\/revisions"}],"wp:featuredmedia":[{"embeddable":true,"href":"https:\/\/floradarling.shop\/en\/wp-json\/wp\/v2\/media\/31824"}],"wp:attachment":[{"href":"https:\/\/floradarling.shop\/en\/wp-json\/wp\/v2\/media?parent=31729"}],"wp:term":[{"taxonomy":"product_brand","embeddable":true,"href":"https:\/\/floradarling.shop\/en\/wp-json\/wp\/v2\/product_brand?post=31729"},{"taxonomy":"product_cat","embeddable":true,"href":"https:\/\/floradarling.shop\/en\/wp-json\/wp\/v2\/product_cat?post=31729"},{"taxonomy":"product_tag","embeddable":true,"href":"https:\/\/floradarling.shop\/en\/wp-json\/wp\/v2\/product_tag?post=31729"}],"curies":[{"name":"wp","href":"https:\/\/api.w.org\/{rel}","templated":true}]}}