{"id":31725,"date":"2026-05-11T13:45:39","date_gmt":"2026-05-11T13:45:39","guid":{"rendered":"https:\/\/floradarling.shop\/product\/mammotion-yuka-mini-2-500-mahroboter-ohne-begrenzungskabel-mit-garage-empf-500-m-kein-rtk-kein-signalabbruch-ki-truevision-navigation-auto-mehrzonen-kartierung-dropmow-45-steigung-4-5ah-akku\/"},"modified":"2026-05-11T13:45:40","modified_gmt":"2026-05-11T13:45:40","slug":"mammotion-yuka-mini-2-500-mahroboter-ohne-begrenzungskabel-mit-garage-empf-500-m-kein-rtk-kein-signalabbruch-ki-truevision-navigation-auto-mehrzonen-kartierung-dropmow-45-steigung-4-5ah-akku","status":"publish","type":"product","link":"https:\/\/floradarling.shop\/en\/product\/mammotion-yuka-mini-2-500-mahroboter-ohne-begrenzungskabel-mit-garage-empf-500-m-kein-rtk-kein-signalabbruch-ki-truevision-navigation-auto-mehrzonen-kartierung-dropmow-45-steigung-4-5ah-akku\/","title":{"rendered":"Mammotion Yuka Mini 2 M\u00e4hroboter Ohne Begrenzungskabel 500m\u00b2 KI TrueVision 45% Steigung 4,5Ah Garage"},"content":{"rendered":"<p><strong>Product Overview<\/strong><\/p>\n<ul>\n<li>\n<strong>Marke:<\/strong> Mammotion<\/li>\n<li>\n<strong>Stromquelle:<\/strong> Batteriebetrieben<\/li>\n<li>\n<strong>Material:<\/strong> Kunststoff<\/li>\n<li>\n<strong>Farbe:<\/strong> Grau<\/li>\n<li>\n<strong>Stil:<\/strong> YUKA mini 2 500+Garage<\/li>\n<li>\n<strong>Artikelgewicht:<\/strong> 10,6 Kilogramm<\/li>\n<li>\n<strong>Schnittbreite:<\/strong> 190<\/li>\n<li>\n<strong>Betriebsmodus:<\/strong> Automatisch<\/li>\n<li>\n<strong>Produktabmessungen:<\/strong> 52,5T x 41,3B x 28,1H cm<\/li>\n<li>\n<strong>Smart-Home-Kompatibilit\u00e4t:<\/strong> Smart-Home-kompatibel<\/li>\n<\/ul>\n<p><strong>Product Features<\/strong><\/p>\n<ul>\n<li>Hinweis: Der YUKA mini 2 M\u00e4hroboter und die Garage werden in zwei getrennten Paketen versendet. Die Lieferzeiten k\u00f6nnen unterschiedlich sein. Bitte haben Sie etwas Geduld. Falls Sie Unterst\u00fctzung ben\u00f6tigen, wenden Sie sich bitte an unseren Support. Vielen Dank f\u00fcr Ihr Verst\u00e4ndnis!<\/li>\n<li>[ Drei Kameras Arbeiten Synchron ]: Zwei seitliche Monokameras gew\u00e4hrleisten stabile Entfernungsmessungen bei allen Lichtverh\u00e4ltnissen, w\u00e4hrend die zentrale RGB-Kamera Rasengrenzen pr\u00e4zise erkennt. Die Integration der drei Kameras in Kombination mit KI-Algorithmen erm\u00f6glicht zentimetergenaue Positionierung und Navigation, pr\u00e4zise 3D-Kartierung und optimale Wegplanung in realen Gartenumgebungen und \u00fcbertrifft damit herk\u00f6mmliche Zweikamerasysteme deutlich.<\/li>\n<li>[ Verbesserter KI-Prozessor &#038; Hinderniserkennung f\u00fcr \u00fcber 300 Objekte ]: Die Mammotion YUKA mini 2 Serie M\u00e4hroboter verf\u00fcgt \u00fcber einen verbesserten KI-Prozessor mit hoher Rechenleistung und stellt so eine Echtzeit-Erkennung von Hindernissen sowie eine sofortige Reaktion sicher. Dank hochaufl\u00f6sender Kameras und Global-Shutter-Technologie liefert das System selbst in dynamischen Umgebungen gestochen scharfe Bilder und hohe Empfindlichkeit f\u00fcr pr\u00e4zise Ergbnisse und h\u00f6chste Sicherheit im Betrieb.<\/li>\n<li>[ Automatische Mehrzonen-Kartierung &#038; DropMow-Modus ]: F\u00fchren Sie YUKA mini 2 einmal durch jeden Bereich und er erstellt automatisch eine Karte, wobei Wege zwischen den Zonen intelligent als solche erkannt und sicher ohne rotierende Schnittbl\u00e4tter durchfahren werden. Er kann bis zu 5 aufeinanderfolgende Bereiche erkennen und kartieren. Im Drop&#038;Mow-Modus ist keine vorherige Kartierung n\u00f6tig \u2013 einfach absetzen und \u201eMow &#038; Start&#8220; dr\u00fccken. Diese tempor\u00e4re Karte wird nicht gespeichert und eignet sich perfekt f\u00fcr schnelle, einmalige Eins\u00e4tze.<\/li>\n<li>[ Intelligente Visuelle Grenze &#038; Absturzschutz ]: Nach dem M\u00e4hen f\u00e4hrt YUKA mini 2 Rasenm\u00e4her Roboter automatisch entlang der Rasenkanten, um eine vollst\u00e4ndige Rasenabdeckung zu gew\u00e4hrleisten. Dank seiner Kantenschnitt-Technologie werden auch die Kanten gem\u00e4\u00df den vom Benutzer festgelegten Einstellungen bearbeitet. Durch seine intelligente KI-Sensorik erkennt er automatisch steile Abh\u00e4nge, Treppen, Poolr\u00e4nder und andere Bereiche mit Sturzgefahr und bietet so einen zuverl\u00e4ssigen Absturzschutz.<\/li>\n<li>[ Manuelle Kartenbearbeitung &#038; Anpassbare M\u00e4haufgaben ]: YUKA mini 2 Rasenm\u00e4her roboter ohne begrenzungsdraht Passen Sie die Karte nach der automatischen Kartierung einfach an Ihren Garten an. Richten Sie Sperrzonen f\u00fcr Bereiche wie Steinwege oder Treppen ein. Virtuelle Begrenzungen und Verbotszonen werden ebenfalls unterst\u00fctzt, sodass keine Gefahrenbereiche angefahren werden. Legen Sie personalisierte Zeitpl\u00e4ne und spezifische Fl\u00e4chenabdeckungen fest, um die Rasenpflege auf Ihre Bed\u00fcrfnisse abzustimmen.<\/li>\n<li>[ Leistungsstark &#038; \u200b\u200bflexible Steuerung] : YUKA mini 2 M\u00e4hroboter bew\u00e4ltigt Steigungen bis zu 45 % und navigiert durch Wege mit einer Breite von nur 55cm. Ausgestattet mit einem Schnittsystem mit 5 freischwingenden Rasierklingen, einer Schnittbreite von 190mm und einer einstellbaren Schnitth\u00f6he von 20\u201360mm, bietet er optimale Leistung. Er bew\u00e4ltigt \u00fcber 90 % aller g\u00e4ngigen Wohnrasenfl\u00e4chen stabil und pr\u00e4zise. Der herausnehmbare 4,5Ah-Akku erm\u00f6glicht lange M\u00e4heins\u00e4tze &#8211; bei niedrigem Akkustand kehrt das Ger\u00e4t automatisch zur Ladestation zur\u00fcck.<\/li>\n<\/ul>\n<p><strong>Product Information<\/strong><\/p>\n<ul>\n<table style=\"margin-bottom:20px\">\n<tbody>\n<tr>\n<td><strong>Marke<\/strong><\/td>\n<td>Mammotion<\/td>\n<\/tr>\n<tr>\n<td><strong>Modellnummer<\/strong><\/td>\n<td>MTL24YUM1EU01<\/td>\n<\/tr>\n<tr>\n<td><strong>Erforderliche Montage<\/strong><\/td>\n<td>Nein<\/td>\n<\/tr>\n<tr>\n<td><strong>Hersteller<\/strong><\/td>\n<td>Mammotion<\/td>\n<\/tr>\n<tr>\n<td><strong>Artikelnummer<\/strong><\/td>\n<td>MTL24YUM1EU01<\/td>\n<\/tr>\n<tr>\n<td><strong>Amazon Bestseller-Rang<\/strong><\/td>\n<td><\/td>\n<\/tr>\n<tr>\n<td><strong>ASIN<\/strong><\/td>\n<td>B0F3CHRXCX<\/td>\n<\/tr>\n<tr>\n<td><strong>Durchschnittliche Kundenbewertung<\/strong><\/td>\n<td><\/td>\n<\/tr>\n<tr>\n<td><strong>Material<\/strong><\/td>\n<td>Kunststoff<\/td>\n<\/tr>\n<tr>\n<td><strong>Betriebsart<\/strong><\/td>\n<td>Batteriebetrieben<\/td>\n<\/tr>\n<tr>\n<td><strong>Betriebsmodus<\/strong><\/td>\n<td>Automatisch<\/td>\n<\/tr>\n<tr>\n<td><strong>Smart-Home-Kompatibilit\u00e4t<\/strong><\/td>\n<td>Smart-Home-kompatibel<\/td>\n<\/tr>\n<tr>\n<td><strong>Maximale einstellbare Schnitth\u00f6he<\/strong><\/td>\n<td>60 Millimeter<\/td>\n<\/tr>\n<tr>\n<td><strong>Minimale einstellbare Schnitth\u00f6he<\/strong><\/td>\n<td>20 Millimeter<\/td>\n<\/tr>\n<tr>\n<td><strong>Artikelgewicht<\/strong><\/td>\n<td>10,6 Kilogramm<\/td>\n<\/tr>\n<tr>\n<td><strong>Schnittbreite<\/strong><\/td>\n<td>190<\/td>\n<\/tr>\n<tr>\n<td><strong>Artikel Abmessungen T x B x H<\/strong><\/td>\n<td>52,5T x 41,3B x 28,1H cm<\/td>\n<\/tr>\n<tr>\n<td><strong>Farbe<\/strong><\/td>\n<td>Grau<\/td>\n<\/tr>\n<tr>\n<td><strong>Stil\/Form<\/strong><\/td>\n<td>YUKA mini 2 500+Garage<\/td>\n<\/tr>\n<\/tbody>\n<\/table>\n<\/ul>\n","protected":false},"excerpt":{"rendered":"<p>Product Overview Marke: Mammotion Stromquelle: Batteriebetrieben Material: Kunststoff Farbe: Grau Stil: YUKA mini 2 500+Garage Artikelgewicht: 10,6 Kilogramm Schnittbreite: 190<\/p>","protected":false},"featured_media":31811,"comment_status":"open","ping_status":"closed","template":"","meta":[],"product_brand":[],"product_cat":[153],"product_tag":[],"class_list":{"0":"post-31725","1":"product","2":"type-product","3":"status-publish","4":"has-post-thumbnail","6":"product_cat-maehroboter","8":"first","9":"instock","10":"sale","11":"shipping-taxable","12":"purchasable","13":"product-type-variable"},"jetpack_sharing_enabled":true,"_links":{"self":[{"href":"https:\/\/floradarling.shop\/en\/wp-json\/wp\/v2\/product\/31725","targetHints":{"allow":["GET"]}}],"collection":[{"href":"https:\/\/floradarling.shop\/en\/wp-json\/wp\/v2\/product"}],"about":[{"href":"https:\/\/floradarling.shop\/en\/wp-json\/wp\/v2\/types\/product"}],"replies":[{"embeddable":true,"href":"https:\/\/floradarling.shop\/en\/wp-json\/wp\/v2\/comments?post=31725"}],"version-history":[{"count":0,"href":"https:\/\/floradarling.shop\/en\/wp-json\/wp\/v2\/product\/31725\/revisions"}],"wp:featuredmedia":[{"embeddable":true,"href":"https:\/\/floradarling.shop\/en\/wp-json\/wp\/v2\/media\/31811"}],"wp:attachment":[{"href":"https:\/\/floradarling.shop\/en\/wp-json\/wp\/v2\/media?parent=31725"}],"wp:term":[{"taxonomy":"product_brand","embeddable":true,"href":"https:\/\/floradarling.shop\/en\/wp-json\/wp\/v2\/product_brand?post=31725"},{"taxonomy":"product_cat","embeddable":true,"href":"https:\/\/floradarling.shop\/en\/wp-json\/wp\/v2\/product_cat?post=31725"},{"taxonomy":"product_tag","embeddable":true,"href":"https:\/\/floradarling.shop\/en\/wp-json\/wp\/v2\/product_tag?post=31725"}],"curies":[{"name":"wp","href":"https:\/\/api.w.org\/{rel}","templated":true}]}}