{"id":31722,"date":"2026-05-11T13:45:39","date_gmt":"2026-05-11T13:45:39","guid":{"rendered":"https:\/\/floradarling.shop\/product\/eufy-e15-mahroboter-ohne-begrenzungskabel-garten-bis-800m-keine-signalausfalle-kein-rtk-truevision-technologie-smart-navigation-prazisionsrandschnitt-hindernisvermeidung-app-steuerung\/"},"modified":"2026-05-11T13:45:40","modified_gmt":"2026-05-11T13:45:40","slug":"eufy-e15-mahroboter-ohne-begrenzungskabel-garten-bis-800m-keine-signalausfalle-kein-rtk-truevision-technologie-smart-navigation-prazisionsrandschnitt-hindernisvermeidung-app-steuerung","status":"publish","type":"product","link":"https:\/\/floradarling.shop\/en\/product\/eufy-e15-mahroboter-ohne-begrenzungskabel-garten-bis-800m-keine-signalausfalle-kein-rtk-truevision-technologie-smart-navigation-prazisionsrandschnitt-hindernisvermeidung-app-steuerung\/","title":{"rendered":"Eufy E15 M\u00e4hroboter Ohne Begrenzungskabel 800m\u00b2 TrueVision Navigation Randschnitt Hindernisvermeidung App"},"content":{"rendered":"<p><strong>Product Overview<\/strong><\/p>\n<ul>\n<li>\n<strong>Marke:<\/strong> eufy<\/li>\n<li>\n<strong>Stromquelle:<\/strong> Batteriebetrieben<\/li>\n<li>\n<strong>Material:<\/strong> Kunststoff<\/li>\n<li>\n<strong>Farbe:<\/strong> Gray<\/li>\n<li>\n<strong>Stil:<\/strong> eufy E15 bis 800m\u00b2<\/li>\n<li>\n<strong>Artikelgewicht:<\/strong> 19,49 Kilogramm<\/li>\n<li>\n<strong>Schnittbreite:<\/strong> 8,66 Zoll<\/li>\n<li>\n<strong>Betriebsmodus:<\/strong> Automatisch<\/li>\n<li>\n<strong>Produktabmessungen:<\/strong> 60,3T x 39,1B x 31,8H cm<\/li>\n<li>\n<strong>Smart-Home-Kompatibilit\u00e4t:<\/strong> Smart-Home-kompatibel<\/li>\n<\/ul>\n<p><strong>Product Features<\/strong><\/p>\n<ul>\n<li>Keine Begrenzungskabel, kein RTK, keine Signalverluste: Die TrueVision-Technologie des E15 kartiert den Rasen v\u00f6llig autonom \u2013 ganz ohne komplizierte Einrichtung. Pr\u00e4zise Kameras und smarte Algorithmen erkennen Kanten und Hindernisse f\u00fcr zuverl\u00e4ssige Navigation.<\/li>\n<li>Startklar in 5 Minuten mit Auto-Kartierung*: Auspacken, App verbinden und los geht&#8217;s! Nach nur 5 Min. Einrichtung startet der E15 automatisch mit der Kartierung. (* Die 5 Minuten gelten nur f\u00fcr die Einrichtung. Kartierung und M\u00e4hen starten automatisch; die Dauer ist abh\u00e4ngig von der Gartengr\u00f6\u00dfe.)<\/li>\n<li>Pr\u00e4zise Hinderniserkennung: Dank TrueVision erkennt der M\u00e4hroboter E15 nicht nur B\u00e4ume, M\u00f6bel oder Pools, sondern auch Haustiere und kleine Wildtiere wie Igel zuverl\u00e4ssig. So bleibt dein Garten sicher, w\u00e4hrend der M\u00e4hvorgang reibungslos abl\u00e4uft.<\/li>\n<li>Makelloses M\u00e4hergebnis: Smartes Parallelm\u00e4hen und sauberes Kantenschneiden sorgen f\u00fcr ein gleichm\u00e4\u00dfiges Rasenbild. Intelligente Fl\u00e4chenerkennung erfasst jeden Bereich zuverl\u00e4ssig. In der App kannst du die Kantenschneide-Abst\u00e4nde individuell anpassen \u2013 f\u00fcr exaktes Trimmen bis zum Rand. Die Schnitth\u00f6he ist von 25\u201375mm flexibel einstellbar und passt sich verschiedenen Rasentypen an \u2013 f\u00fcr ein einheitliches Ergebnis ohne zus\u00e4tzlichen Aufwand.<\/li>\n<li>Maximaler Komfort: Haustierfreundlich, diebstahlsicher und mit GPS+4G sowie Fernkamera ausgestattet \u2013 dieser Rasenroboter revolutioniert die Rasenpflege. Inklusive Garage f\u00fcr ganzj\u00e4hrigen Witterungsschutz, die auch bei wechselnden Bedingungen einen zuverl\u00e4ssigen Betrieb gew\u00e4hrleistet. Ideal f\u00fcr Technikbegeisterte, die eine einfache L\u00f6sung suchen.<\/li>\n<li>Intelligentes Zonenmanagement: Verwalte bis zu 20 M\u00e4hzonen bequem \u00fcber die App! Der E15 meistert komplexes Gel\u00e4nde m\u00fchelos \u2013 egal, wie verwinkelt dein Garten ist. Multi-Zonen-Management mit No-Go-Bereichen und virtuellen Grenzen sorgt f\u00fcr eine vollst\u00e4ndige Abdeckung.<\/li>\n<\/ul>\n<p><strong>Product Information<\/strong><\/p>\n<ul>\n<table style=\"margin-bottom:20px\">\n<tbody>\n<tr>\n<td><strong>Marke<\/strong><\/td>\n<td>eufy<\/td>\n<\/tr>\n<tr>\n<td><strong>Modellnummer<\/strong><\/td>\n<td>eufy E15<\/td>\n<\/tr>\n<tr>\n<td><strong>Erforderliche Montage<\/strong><\/td>\n<td>Nein<\/td>\n<\/tr>\n<tr>\n<td><strong>UPC<\/strong><\/td>\n<td>194644290665<\/td>\n<\/tr>\n<tr>\n<td><strong>Hersteller<\/strong><\/td>\n<td>eufy<\/td>\n<\/tr>\n<tr>\n<td><strong>Artikelnummer<\/strong><\/td>\n<td>T2880GA1<\/td>\n<\/tr>\n<tr>\n<td><strong>Anzahl von Einheiten<\/strong><\/td>\n<td>1.0 st\u00fcck<\/td>\n<\/tr>\n<tr>\n<td><strong>Herkunftsland<\/strong><\/td>\n<td>China<\/td>\n<\/tr>\n<tr>\n<td><strong>Artikeltypbezeichnung<\/strong><\/td>\n<td>T2880<\/td>\n<\/tr>\n<tr>\n<td><strong>Amazon Bestseller-Rang<\/strong><\/td>\n<td><\/td>\n<\/tr>\n<tr>\n<td><strong>ASIN<\/strong><\/td>\n<td>B0DRW11XCJ<\/td>\n<\/tr>\n<tr>\n<td><strong>Durchschnittliche Kundenbewertung<\/strong><\/td>\n<td><\/td>\n<\/tr>\n<tr>\n<td><strong>Material<\/strong><\/td>\n<td>Kunststoff<\/td>\n<\/tr>\n<tr>\n<td><strong>Betriebsart<\/strong><\/td>\n<td>Batteriebetrieben<\/td>\n<\/tr>\n<tr>\n<td><strong>Betriebsmodus<\/strong><\/td>\n<td>Automatisch<\/td>\n<\/tr>\n<tr>\n<td><strong>Smart-Home-Kompatibilit\u00e4t<\/strong><\/td>\n<td>Smart-Home-kompatibel<\/td>\n<\/tr>\n<tr>\n<td><strong>Maximale einstellbare Schnitth\u00f6he<\/strong><\/td>\n<td>75 Millimeter<\/td>\n<\/tr>\n<tr>\n<td><strong>Minimale einstellbare Schnitth\u00f6he<\/strong><\/td>\n<td>25 Millimeter<\/td>\n<\/tr>\n<tr>\n<td><strong>Anzahl der Positionen<\/strong><\/td>\n<td>10<\/td>\n<\/tr>\n<tr>\n<td><strong>Artikelgewicht<\/strong><\/td>\n<td>19,49 Kilogramm<\/td>\n<\/tr>\n<tr>\n<td><strong>Schnittbreite<\/strong><\/td>\n<td>8,66 Zoll<\/td>\n<\/tr>\n<tr>\n<td><strong>Artikel Abmessungen T x B x H<\/strong><\/td>\n<td>60,3T x 39,1B x 31,8H cm<\/td>\n<\/tr>\n<tr>\n<td><strong>Farbe<\/strong><\/td>\n<td>Gray<\/td>\n<\/tr>\n<tr>\n<td><strong>Stil\/Form<\/strong><\/td>\n<td>eufy E15 bis 800m\u00b2<\/td>\n<\/tr>\n<\/tbody>\n<\/table>\n<\/ul>","protected":false},"excerpt":{"rendered":"<p>Product Overview Marke: eufy Stromquelle: Batteriebetrieben Material: Kunststoff Farbe: Gray Stil: eufy E15 bis 800m\u00b2 Artikelgewicht: 19,49 Kilogramm Schnittbreite: 8,66<\/p>","protected":false},"featured_media":31799,"comment_status":"open","ping_status":"closed","template":"","meta":[],"product_brand":[],"product_cat":[153],"product_tag":[],"class_list":{"0":"post-31722","1":"product","2":"type-product","3":"status-publish","4":"has-post-thumbnail","6":"product_cat-maehroboter","8":"first","9":"instock","10":"sale","11":"shipping-taxable","12":"purchasable","13":"product-type-variable"},"jetpack_sharing_enabled":true,"_links":{"self":[{"href":"https:\/\/floradarling.shop\/en\/wp-json\/wp\/v2\/product\/31722","targetHints":{"allow":["GET"]}}],"collection":[{"href":"https:\/\/floradarling.shop\/en\/wp-json\/wp\/v2\/product"}],"about":[{"href":"https:\/\/floradarling.shop\/en\/wp-json\/wp\/v2\/types\/product"}],"replies":[{"embeddable":true,"href":"https:\/\/floradarling.shop\/en\/wp-json\/wp\/v2\/comments?post=31722"}],"version-history":[{"count":0,"href":"https:\/\/floradarling.shop\/en\/wp-json\/wp\/v2\/product\/31722\/revisions"}],"wp:featuredmedia":[{"embeddable":true,"href":"https:\/\/floradarling.shop\/en\/wp-json\/wp\/v2\/media\/31799"}],"wp:attachment":[{"href":"https:\/\/floradarling.shop\/en\/wp-json\/wp\/v2\/media?parent=31722"}],"wp:term":[{"taxonomy":"product_brand","embeddable":true,"href":"https:\/\/floradarling.shop\/en\/wp-json\/wp\/v2\/product_brand?post=31722"},{"taxonomy":"product_cat","embeddable":true,"href":"https:\/\/floradarling.shop\/en\/wp-json\/wp\/v2\/product_cat?post=31722"},{"taxonomy":"product_tag","embeddable":true,"href":"https:\/\/floradarling.shop\/en\/wp-json\/wp\/v2\/product_tag?post=31722"}],"curies":[{"name":"wp","href":"https:\/\/api.w.org\/{rel}","templated":true}]}}