{"id":31718,"date":"2026-05-11T13:45:38","date_gmt":"2026-05-11T13:45:38","guid":{"rendered":"https:\/\/floradarling.shop\/product\/ecovacs-goat-o600-mahroboter-ohne-begrenzungskabel-600-m-rtk-vision-navigation-rasenmahroboter-ki-hindernisvermeidung-app-steuerung-passiert-0-7-m-schmale-stellen\/"},"modified":"2026-05-11T13:45:39","modified_gmt":"2026-05-11T13:45:39","slug":"ecovacs-goat-o600-mahroboter-ohne-begrenzungskabel-600-m-rtk-vision-navigation-rasenmahroboter-ki-hindernisvermeidung-app-steuerung-passiert-0-7-m-schmale-stellen","status":"publish","type":"product","link":"https:\/\/floradarling.shop\/en\/product\/ecovacs-goat-o600-mahroboter-ohne-begrenzungskabel-600-m-rtk-vision-navigation-rasenmahroboter-ki-hindernisvermeidung-app-steuerung-passiert-0-7-m-schmale-stellen\/","title":{"rendered":"Ecovacs Goat O600 M\u00e4hroboter Ohne Begrenzungskabel 600m\u00b2 RTK Vision KI-Hindernisvermeidung App 0,7m Durchgang"},"content":{"rendered":"<p><strong>Product Overview<\/strong><\/p>\n<ul>\n<li>\n<strong>Marke:<\/strong> ECOVACS<\/li>\n<li>\n<strong>Stromquelle:<\/strong> Batteriebetrieben<\/li>\n<li>\n<strong>Farbe:<\/strong> Wei\u00df<\/li>\n<li>\n<strong>Stil:<\/strong> O600 RTK<\/li>\n<li>\n<strong>Artikelgewicht:<\/strong> 13,3 Kilogramm<\/li>\n<li>\n<strong>Schnittbreite:<\/strong> 60 Zentimeter<\/li>\n<li>\n<strong>Betriebsmodus:<\/strong> Automatisch<\/li>\n<li>\n<strong>Produktabmessungen:<\/strong> 60T x 40B x 27,6H cm<\/li>\n<li>\n<strong>Smart-Home-Kompatibilit\u00e4t:<\/strong> Smart-Home-kompatibel<\/li>\n<li>\n<strong>Anzahl der Artikel:<\/strong> 1<\/li>\n<\/ul>\n<p><strong>Product Features<\/strong><\/p>\n<ul>\n<li>\u3010Zuverl\u00e4ssige TrueMapping 2.0 RTK-Navigation\u3011Viermal schneller und 30 % stabiler als andere RTK-Technologien, selbst im Schatten von B\u00e4umen oder Geb\u00e4uden. In Gebieten mit schwachem Signal gew\u00e4hrleistet das visuelle Positionierungssystem ein kontinuierliches und pr\u00e4zises M\u00e4hen f\u00fcr eine umfassende Rasenpflege.<\/li>\n<li>\u3010Schnellstart in 15 Minuten \u3011Keine aufwendige Einrichtung oder Begrenzungsdr\u00e4hte erforderlich. Der intelligente GOAT O600 RTK kann verschiedene Arten von Begrenzungen automatisch erkennen und speichern. Sobald die automatisierte Karte generiert wurde, kannst du sie ganz einfach anpassen. Au\u00dferdem kannst du den GOAT O600 mit deinem Smartphone steuern, um manuell zu m\u00e4hen und deinen Rasen von \u00fcberall aus zu \u00fcberpr\u00fcfen.<\/li>\n<li>\u3010Erkennt \u00fcber 200 Arten von Hindernissen \u3011Die KI-Kamera wurde mittels Deep Learning trainiert und erkennt intelligent \u00fcber 200 g\u00e4ngige Arten von Hindernissen im Garten, darunter auch Igel. Sie ergreift proaktive Sicherheitsma\u00dfnahmen, um deine Familie, Haustiere und Gartenelemente zu sch\u00fctzen. Mit der TrueMapping 2.0 RTK-Navigation und einer KI-Kamera bietet der M\u00e4her eine hervorragende Schnittleistung bis zum Rand und hinterl\u00e4sst nur minimale Grasreste.<\/li>\n<li>\u3010M\u00e4heffizienz und einstellbare Schnitth\u00f6he \u3011Der GOAT O600 RTK bietet eine um 150 % h\u00f6here Schnittleistung und erm\u00f6glicht m\u00fchelos professionelle, gleichm\u00e4\u00dfige Schnitte. Die Schnitth\u00f6he ist in 1-cm-Schritten von 3 bis 8 cm einstellbar, wodurch ein optimaler Schnitt f\u00fcr alle Grasarten und ein gesunder, gepflegter Rasen gew\u00e4hrleistet werden.<\/li>\n<li>\u3010Navigiert problemlos 0,7 m breite Wege \u3011Bew\u00e4ltigt anspruchsvolles Gel\u00e4nde mit bis zu 45 % Neigung und einer Hindernis\u00fcberwindung von 3 cm. Das schmale Design und die intelligente Kantenerkennung erm\u00f6glichen m\u00fchelose Navigation auf 0,7 m breiten Pfaden ohne manuelles Eingreifen, f\u00fcr gr\u00fcndliche Rasenpflege. Dank fortschrittlicher Algorithmen plant der GOAT O600 automatisch die effizientesten M\u00e4hrouten, auch entlang gekr\u00fcmmter, geneigter Kanten oder schmaler Streifen, wodurch die Effizienz und M\u00e4habdeckung maximiert werden.<\/li>\n<li>\u3010Bearbeitbare Karten, individuelle M\u00e4hpl\u00e4ne\u3011Durch die Verbindung mit der ECOVACS Home-App bietet der GOAT sowohl einstellbare M\u00e4hmodi als auch eine komfortable Kartenverarbeitung. Dank der editierbaren Sperrbereiche m\u00fcssen Outdoor-Aktivit\u00e4ten wie Picknicks nicht unterbrochen werden. Dar\u00fcber hinaus kannst du ganz einfach das M\u00e4hen bestimmter Bereiche basierend auf deinen Pr\u00e4ferenzen und deinem pers\u00f6nlichen Zeitplan festlegen.<\/li>\n<\/ul>\n<p><strong>Product Information<\/strong><\/p>\n<ul>\n<table style=\"margin-bottom:20px\">\n<tbody>\n<tr>\n<td><strong>Marke<\/strong><\/td>\n<td>ECOVACS<\/td>\n<\/tr>\n<tr>\n<td><strong>Modellnummer<\/strong><\/td>\n<td>GOAT O600<\/td>\n<\/tr>\n<tr>\n<td><strong>Erforderliche Montage<\/strong><\/td>\n<td>Ja<\/td>\n<\/tr>\n<tr>\n<td><strong>Hersteller<\/strong><\/td>\n<td>ECOVACS<\/td>\n<\/tr>\n<tr>\n<td><strong>Artikelnummer<\/strong><\/td>\n<td>O600 RTK<\/td>\n<\/tr>\n<tr>\n<td><strong>Herkunftsland<\/strong><\/td>\n<td>China<\/td>\n<\/tr>\n<tr>\n<td><strong>Artikeltypbezeichnung<\/strong><\/td>\n<td>Lawn Mower<\/td>\n<\/tr>\n<tr>\n<td><strong>Amazon Bestseller-Rang<\/strong><\/td>\n<td><\/td>\n<\/tr>\n<tr>\n<td><strong>ASIN<\/strong><\/td>\n<td>B0G5WQ1N37<\/td>\n<\/tr>\n<tr>\n<td><strong>Durchschnittliche Kundenbewertung<\/strong><\/td>\n<td><\/td>\n<\/tr>\n<tr>\n<td><strong>Betriebsart<\/strong><\/td>\n<td>Batteriebetrieben<\/td>\n<\/tr>\n<tr>\n<td><strong>Betriebsmodus<\/strong><\/td>\n<td>Automatisch<\/td>\n<\/tr>\n<tr>\n<td><strong>Smart-Home-Kompatibilit\u00e4t<\/strong><\/td>\n<td>Smart-Home-kompatibel<\/td>\n<\/tr>\n<tr>\n<td><strong>Maximale einstellbare Schnitth\u00f6he<\/strong><\/td>\n<td>8 Zentimeter<\/td>\n<\/tr>\n<tr>\n<td><strong>Minimale einstellbare Schnitth\u00f6he<\/strong><\/td>\n<td>3 Zentimeter<\/td>\n<\/tr>\n<tr>\n<td><strong>Anzahl der Positionen<\/strong><\/td>\n<td>6<\/td>\n<\/tr>\n<tr>\n<td><strong>Artikelgewicht<\/strong><\/td>\n<td>13,3 Kilogramm<\/td>\n<\/tr>\n<tr>\n<td><strong>Schnittbreite<\/strong><\/td>\n<td>60 Zentimeter<\/td>\n<\/tr>\n<tr>\n<td><strong>Artikel Abmessungen T x B x H<\/strong><\/td>\n<td>60T x 40B x 27,6H cm<\/td>\n<\/tr>\n<tr>\n<td><strong>Farbe<\/strong><\/td>\n<td>Wei\u00df<\/td>\n<\/tr>\n<tr>\n<td><strong>Stil\/Form<\/strong><\/td>\n<td>O600 RTK<\/td>\n<\/tr>\n<\/tbody>\n<\/table>\n<\/ul>","protected":false},"excerpt":{"rendered":"<p>Product Overview Marke: ECOVACS Stromquelle: Batteriebetrieben Farbe: Wei\u00df Stil: O600 RTK Artikelgewicht: 13,3 Kilogramm Schnittbreite: 60 Zentimeter Betriebsmodus: Automatisch Produktabmessungen:<\/p>","protected":false},"featured_media":31787,"comment_status":"open","ping_status":"closed","template":"","meta":[],"product_brand":[],"product_cat":[153],"product_tag":[],"class_list":{"0":"post-31718","1":"product","2":"type-product","3":"status-publish","4":"has-post-thumbnail","6":"product_cat-maehroboter","8":"first","9":"instock","10":"sale","11":"shipping-taxable","12":"purchasable","13":"product-type-variable"},"jetpack_sharing_enabled":true,"_links":{"self":[{"href":"https:\/\/floradarling.shop\/en\/wp-json\/wp\/v2\/product\/31718","targetHints":{"allow":["GET"]}}],"collection":[{"href":"https:\/\/floradarling.shop\/en\/wp-json\/wp\/v2\/product"}],"about":[{"href":"https:\/\/floradarling.shop\/en\/wp-json\/wp\/v2\/types\/product"}],"replies":[{"embeddable":true,"href":"https:\/\/floradarling.shop\/en\/wp-json\/wp\/v2\/comments?post=31718"}],"version-history":[{"count":0,"href":"https:\/\/floradarling.shop\/en\/wp-json\/wp\/v2\/product\/31718\/revisions"}],"wp:featuredmedia":[{"embeddable":true,"href":"https:\/\/floradarling.shop\/en\/wp-json\/wp\/v2\/media\/31787"}],"wp:attachment":[{"href":"https:\/\/floradarling.shop\/en\/wp-json\/wp\/v2\/media?parent=31718"}],"wp:term":[{"taxonomy":"product_brand","embeddable":true,"href":"https:\/\/floradarling.shop\/en\/wp-json\/wp\/v2\/product_brand?post=31718"},{"taxonomy":"product_cat","embeddable":true,"href":"https:\/\/floradarling.shop\/en\/wp-json\/wp\/v2\/product_cat?post=31718"},{"taxonomy":"product_tag","embeddable":true,"href":"https:\/\/floradarling.shop\/en\/wp-json\/wp\/v2\/product_tag?post=31718"}],"curies":[{"name":"wp","href":"https:\/\/api.w.org\/{rel}","templated":true}]}}