{"id":31715,"date":"2026-05-11T13:45:38","date_gmt":"2026-05-11T13:45:38","guid":{"rendered":"https:\/\/floradarling.shop\/product\/dreame-a3-awd-pro-3500-robot-rasenmaher-fur-3500-m-4wd-nabenmotoren-ohne-rtk-360-3d-lidar-ki-vision-steigfahigkeit-bis-zu-80-38-7-edgemaster-2-0-4-cm-kantenprazision\/"},"modified":"2026-05-11T13:45:39","modified_gmt":"2026-05-11T13:45:39","slug":"dreame-a3-awd-pro-3500-robot-rasenmaher-fur-3500-m-4wd-nabenmotoren-ohne-rtk-360-3d-lidar-ki-vision-steigfahigkeit-bis-zu-80-38-7-edgemaster-2-0-4-cm-kantenprazision","status":"publish","type":"product","link":"https:\/\/floradarling.shop\/en\/product\/dreame-a3-awd-pro-3500-robot-rasenmaher-fur-3500-m-4wd-nabenmotoren-ohne-rtk-360-3d-lidar-ki-vision-steigfahigkeit-bis-zu-80-38-7-edgemaster-2-0-4-cm-kantenprazision\/","title":{"rendered":"Dreame A3 AWD Pro M\u00e4hroboter 3500m\u00b2 4WD LiDAR KI-Vision 80% Steigung EdgeMaster 2.0 Kantenpr\u00e4zision"},"content":{"rendered":"<p><strong>Product Overview<\/strong><\/p>\n<ul>\n<li>\n<strong>Marke:<\/strong> dreame<\/li>\n<li>\n<strong>Stromquelle:<\/strong> Kabelgebunden<\/li>\n<li>\n<strong>Material:<\/strong> Metall<\/li>\n<li>\n<strong>Farbe:<\/strong> gris<\/li>\n<li>\n<strong>Stil:<\/strong> A3 AWD Pro 3500<\/li>\n<li>\n<strong>Artikelgewicht:<\/strong> 20 Kilogramm<\/li>\n<li>\n<strong>Schnittbreite:<\/strong> 40 Zentimeter<\/li>\n<li>\n<strong>Betriebsmodus:<\/strong> Automatisch<\/li>\n<li>\n<strong>Produktabmessungen:<\/strong> 63T x 23B x 45H cm<\/li>\n<li>\n<strong>Smart-Home-Kompatibilit\u00e4t:<\/strong> Nicht Smart-Home-kompatibel<\/li>\n<\/ul>\n<p><strong>Product Features<\/strong><\/p>\n<ul>\n<li>OmniSense 3.0: 360\u00b0 3D LiDAR + binokulare KI-Vision: Erleben Sie fortschrittliche Rasenpflege mit OmniSense 3.0. Dieses leistungsstarke 3D-Ultra-Sensorsystem kombiniert 360\u00b0-3D-LiDAR und binokulare KI-Vision, um eine detaillierte 3D-Karte Ihres Gartens und seiner Umgebung zu erstellen, die pr\u00e4zise Navigation und Kontrolle erm\u00f6glicht<\/li>\n<li>KI-gest\u00fctzte automatische Kartierung mit 3D-Ultra-Sensoren: Dank KI-gest\u00fctzter automatischer Kartierung erkennt der M\u00e4hroboter die Rasengrenzen genau, erfasst schnell die Umgebungsdaten und erstellt eine virtuelle Grenze mit einer detaillierten 3D-Karte. Einfach einschalten, schnell kartieren und m\u00e4hen &#8211; ohne Begrenzungskabel, Beacons, GPS-Stangen oder Antennen<\/li>\n<li>Allrad-Nabenmotoren: Steigf\u00e4higkeit bis 80 % und \u00dcberwindung von 5,5 cm hohen Hindernissen: Der M\u00e4hroboter verf\u00fcgt \u00fcber ein Allrad-Antriebssystem, das von Nabenmotoren angetrieben wird und eine Steigf\u00e4higkeit von bis zu 80 % (38,7\u00b0) am Hang sowie die \u00dcberwindung von bis zu 5,5 cm hohen Hindernissen erm\u00f6glicht. Die vorderen Omni-R\u00e4der erm\u00f6glichen Nullwendekreis-Man\u00f6ver, w\u00e4hrend die hinteren Offroad-R\u00e4der die Traktion auf unebenem Terrain verbessern<\/li>\n<li>Effizientes Schneiden mit 40 cm langen Doppelklingen: Die zwei Messerscheiben in getrennten Ebenen erm\u00f6glichen eine M\u00e4hbreite von 40 cm, was die M\u00e4heffizienz verbessert und gleichzeitig ein gleichm\u00e4\u00dfiges, ausgewogenes Rasenbild auf gro\u00dfen Fl\u00e4chen gew\u00e4hrleistet<\/li>\n<li>EdgeMaster 2.0: Pr\u00e4zisionsschnitt mit\uff1c3 cm Kantengenauigkeit: Mit EdgeMaster 2.0 -Technologie werden die M\u00e4hscheiben beim Kantenm\u00e4hen nach au\u00dfen verl\u00e4ngert, damit der Abstand von Scheibe zu Kante unter 3 cm bleibt. Wenn Rasen- und Nicht-Rasenfl\u00e4chen auf einer Ebene liegen und eine glatte, gleichm\u00e4\u00dfige Begrenzung aufweisen, folgt der M\u00e4hroboter der Kante genau, um die Abdeckung zu maximieren und ein sauberes, scharfes Ergebnis zu erzielen<\/li>\n<li>Erkennt und vermeidet mehr als 300 Hindernisse: Mit binokularer KI-Vision und 360\u00b0-3D-LiDAR erkennt der M\u00e4hroboter mehr als 300 Arten von Rasenhindernissen \u2013 egal, ob station\u00e4r oder beweglich \u2013 was eine pr\u00e4zise Erkennung und sicheres Ausweichen erm\u00f6glicht<\/li>\n<\/ul>\n<p><strong>Product Information<\/strong><\/p>\n<ul>\n<table style=\"margin-bottom:20px\">\n<tbody>\n<tr>\n<td><strong>Marke<\/strong><\/td>\n<td>dreame<\/td>\n<\/tr>\n<tr>\n<td><strong>Modellnummer<\/strong><\/td>\n<td>A3 AWD Pro 3500<\/td>\n<\/tr>\n<tr>\n<td><strong>Erforderliche Montage<\/strong><\/td>\n<td>Nein<\/td>\n<\/tr>\n<tr>\n<td><strong>Hersteller<\/strong><\/td>\n<td>DREAME<\/td>\n<\/tr>\n<tr>\n<td><strong>Artikelnummer<\/strong><\/td>\n<td>MXXA9300<\/td>\n<\/tr>\n<tr>\n<td><strong>Herkunftsland<\/strong><\/td>\n<td>China<\/td>\n<\/tr>\n<tr>\n<td><strong>Amazon Bestseller-Rang<\/strong><\/td>\n<td><\/td>\n<\/tr>\n<tr>\n<td><strong>ASIN<\/strong><\/td>\n<td>B0GJRDXKBH<\/td>\n<\/tr>\n<tr>\n<td><strong>Durchschnittliche Kundenbewertung<\/strong><\/td>\n<td><\/td>\n<\/tr>\n<tr>\n<td><strong>Material<\/strong><\/td>\n<td>Metall<\/td>\n<\/tr>\n<tr>\n<td><strong>Betriebsart<\/strong><\/td>\n<td>Kabelgebunden<\/td>\n<\/tr>\n<tr>\n<td><strong>Betriebsmodus<\/strong><\/td>\n<td>Automatisch<\/td>\n<\/tr>\n<tr>\n<td><strong>Smart-Home-Kompatibilit\u00e4t<\/strong><\/td>\n<td>Nicht Smart-Home-kompatibel<\/td>\n<\/tr>\n<tr>\n<td><strong>Artikelgewicht<\/strong><\/td>\n<td>20 Kilogramm<\/td>\n<\/tr>\n<tr>\n<td><strong>Schnittbreite<\/strong><\/td>\n<td>40 Zentimeter<\/td>\n<\/tr>\n<tr>\n<td><strong>Artikel Abmessungen T x B x H<\/strong><\/td>\n<td>63T x 23B x 45H cm<\/td>\n<\/tr>\n<tr>\n<td><strong>Farbe<\/strong><\/td>\n<td>gris<\/td>\n<\/tr>\n<tr>\n<td><strong>Stil\/Form<\/strong><\/td>\n<td>A3 AWD Pro 3500<\/td>\n<\/tr>\n<\/tbody>\n<\/table>\n<\/ul>","protected":false},"excerpt":{"rendered":"<p>Product Overview Marke: dreame Stromquelle: Kabelgebunden Material: Metall Farbe: gris Stil: A3 AWD Pro 3500 Artikelgewicht: 20 Kilogramm Schnittbreite: 40<\/p>","protected":false},"featured_media":31775,"comment_status":"open","ping_status":"closed","template":"","meta":[],"product_brand":[],"product_cat":[153],"product_tag":[],"class_list":{"0":"post-31715","1":"product","2":"type-product","3":"status-publish","4":"has-post-thumbnail","6":"product_cat-maehroboter","8":"first","9":"instock","10":"sale","11":"shipping-taxable","12":"purchasable","13":"product-type-variable"},"jetpack_sharing_enabled":true,"_links":{"self":[{"href":"https:\/\/floradarling.shop\/en\/wp-json\/wp\/v2\/product\/31715","targetHints":{"allow":["GET"]}}],"collection":[{"href":"https:\/\/floradarling.shop\/en\/wp-json\/wp\/v2\/product"}],"about":[{"href":"https:\/\/floradarling.shop\/en\/wp-json\/wp\/v2\/types\/product"}],"replies":[{"embeddable":true,"href":"https:\/\/floradarling.shop\/en\/wp-json\/wp\/v2\/comments?post=31715"}],"version-history":[{"count":0,"href":"https:\/\/floradarling.shop\/en\/wp-json\/wp\/v2\/product\/31715\/revisions"}],"wp:featuredmedia":[{"embeddable":true,"href":"https:\/\/floradarling.shop\/en\/wp-json\/wp\/v2\/media\/31775"}],"wp:attachment":[{"href":"https:\/\/floradarling.shop\/en\/wp-json\/wp\/v2\/media?parent=31715"}],"wp:term":[{"taxonomy":"product_brand","embeddable":true,"href":"https:\/\/floradarling.shop\/en\/wp-json\/wp\/v2\/product_brand?post=31715"},{"taxonomy":"product_cat","embeddable":true,"href":"https:\/\/floradarling.shop\/en\/wp-json\/wp\/v2\/product_cat?post=31715"},{"taxonomy":"product_tag","embeddable":true,"href":"https:\/\/floradarling.shop\/en\/wp-json\/wp\/v2\/product_tag?post=31715"}],"curies":[{"name":"wp","href":"https:\/\/api.w.org\/{rel}","templated":true}]}}