{"id":31707,"date":"2026-05-11T13:45:36","date_gmt":"2026-05-11T13:45:36","guid":{"rendered":"https:\/\/floradarling.shop\/product\/anthbot-m5-mahroboter-ohne-begrenzungskabel-neuer-genie-mit-rtk-navigation-und-dual-vision-ki-hindernisvermeidung-app-steuerung-fur-garten-bis-500-m-max-700-m-rasenroboter-mit-45-steigung\/"},"modified":"2026-05-11T13:45:39","modified_gmt":"2026-05-11T13:45:39","slug":"anthbot-m5-mahroboter-ohne-begrenzungskabel-neuer-genie-mit-rtk-navigation-und-dual-vision-ki-hindernisvermeidung-app-steuerung-fur-garten-bis-500-m-max-700-m-rasenroboter-mit-45-steigung","status":"publish","type":"product","link":"https:\/\/floradarling.shop\/en\/product\/anthbot-m5-mahroboter-ohne-begrenzungskabel-neuer-genie-mit-rtk-navigation-und-dual-vision-ki-hindernisvermeidung-app-steuerung-fur-garten-bis-500-m-max-700-m-rasenroboter-mit-45-steigung\/","title":{"rendered":"Anthbot M5 M\u00e4hroboter Ohne Begrenzungskabel 500m\u00b2 RTK Navigation Dual-Vision KI App-Steuerung 45% Steigung"},"content":{"rendered":"<p><strong>Product Overview<\/strong><\/p>\n<ul>\n<li>\n<strong>Marke:<\/strong> ANTHBOT<\/li>\n<li>\n<strong>Material:<\/strong> Kunststoff<\/li>\n<li>\n<strong>Stil:<\/strong> M5 NetRTK + 4G (3M inkl.)<\/li>\n<li>\n<strong>Artikelgewicht:<\/strong> 39,5 Pfund<\/li>\n<li>\n<strong>Schnittbreite:<\/strong> 7,9 Zoll<\/li>\n<li>\n<strong>Produktabmessungen:<\/strong> 40T x 52B x 24,7H cm<\/li>\n<li>\n<strong>Montage erforderlich:<\/strong> Ja<\/li>\n<li>\n<strong>Maximale einstellbare Schnitth\u00f6he:<\/strong> 7 Zentimeter<\/li>\n<li>\n<strong>Anzahl der Einheiten:<\/strong> 1.0 st\u00fcck<\/li>\n<li>\n<strong>Minimale einstellbare Schnitth\u00f6he:<\/strong> 3 Zentimeter<\/li>\n<\/ul>\n<p><strong>Product Features<\/strong><\/p>\n<ul>\n<li>[30-Tage Preisgarantie] Kaufen Sie sorgenfrei: Sollten Sie innerhalb von 30 Tagen nach Ihrem Kauf auf einem beliebigen Kanal einen g\u00fcnstigeren Preis finden, wenden Sie sich einfach an unseren Kundenservice.<\/li>\n<li>[Kompakt gebaut \u2013 Flexibel in Ihrem Garten] Mit nur ca. 50 x 39 cm ist der ANTHBOT M5 ein echtes Raumwunder, ideal f\u00fcr Grundst\u00fccke um die 500 m\u00b2. Dieser rasenroboter ohne begrenzungskabel navigiert m\u00fchelos durch 70 cm schmale Passagen und erreicht jede verwinkelte Ecke. 1Nach der Arbeit l\u00e4sst er sich platzsparend verstauen \u2013 die perfekte L\u00f6sung f\u00fcr Ihren Garten.<\/li>\n<li>[Starke Performance &#038; 45% Steigf\u00e4higkeit] Der ANTHBOT M5 vereint eine 20 cm Schnittbreite mit einem kraftvollen b\u00fcrstenlosen Motor (80-150 m\u00b2\/h). Dieser m\u00e4hroboter ohne begrenzungskabel bew\u00e4ltigt Steigungen bis 45% (24\u00b0) souver\u00e4n. Die intelligente Kombination aus U-Pfad-Planung und Kantenm\u00e4hfunktion sorgt f\u00fcr saubere Rasenkanten und ein l\u00fcckenloses Ergebnis. Schnitth\u00f6he (3-7 cm) per App einstellbar.<\/li>\n<li>[Installation ohne Kabel in 10 Minuten] Schluss mit m\u00fchsamer Drahtverlegung und Erdarbeiten: Der ANTHBOT M5 ist in nur ca. 10 Minuten startklar. Dieser m\u00e4hroboter mit gps bietet zwei flexible Kartierungsmodi direkt \u00fcber die App: W\u00e4hlen Sie die volle Automatik oder steuern Sie den M\u00e4her im RC-Modus pr\u00e4zise wie ein ferngesteuertes Auto. So erledigen Sie das Setup intuitiv und gewinnen wertvolle Freizeit.<\/li>\n<li>[Pr\u00e4zise RTK &#038; Dual-Vision Navigation] 155 Satelliten und HDR-Dual-Vision garantieren maximale Signalstabilit\u00e4t. Als kabelloser rasenm\u00e4her roboter ohne begrenzungsdraht bietet der M5 eine 5x schnellere Verbindung und 1,5x h\u00f6here Stabilit\u00e4t. Bei schwachem GPS (z. B. unter B\u00e4umen) \u00fcbernimmt die Dual-Vision die Zentimeterpr\u00e4zision. Je nach Bedarf auf NetRTK oder Dual-RTK aufr\u00fcstbar.<\/li>\n<li>[KI-Hinderniserkennung &#038; Tierschutz] Sicherheit an erster Stelle: Dank 150\u00b0 Ultraweitwinkel-KI erkennt der M5 \u00fcber 1.000 Objekttypen. Dieser intelligente rasenm\u00e4hroboter sch\u00fctzt nicht nur Gartenm\u00f6bel, sondern erkennt durch Algorithmen auch Haustiere und Igel. Dies garantiert ein tierfreundliches M\u00e4hen und bietet maximalen Schutz f\u00fcr Ihre Familie und die lokale Fauna.<\/li>\n<li>[Intelligente Planung &#038; Wettersensoren] Der M5 agiert als smarter Garten-Manager: Er optimiert M\u00e4hpl\u00e4ne automatisch basierend auf Sonnenaufgang, Sonnenuntergang und Regensensordaten. Dieser rasenroboter ohne begrenzungskabel arbeitet v\u00f6llig autonom und sorgt daf\u00fcr, dass Ihr Rasen nur bei idealem Wetter gepflegt wird \u2013 f\u00fcr ein perfektes Ergebnis ganz ohne Ihr Zutun.<\/li>\n<li>[IPX6 Wasserfest, Leise &#038; Sicher] Genie\u00dfen Sie Ihre Freizeit: Der m\u00e4hroboter ohne begrenzungskabel arbeitet mit unter 58 dB dezent im Hintergrund. Der M5 ist IPX6 wasserfest, gegen Diebstahl gesichert und per Knopfdruck sofort stoppbar. Durch OTA-Updates erh\u00e4lt Ihr Roboter regelm\u00e4\u00dfig neue Software-Features f\u00fcr ein erstklassiges M\u00e4herlebnis.<\/li>\n<\/ul>\n<p><strong>Product Information<\/strong><\/p>\n<ul>\n<table style=\"margin-bottom:20px\">\n<tbody>\n<tr>\n<td><strong>Marke<\/strong><\/td>\n<td>ANTHBOT<\/td>\n<\/tr>\n<tr>\n<td><strong>Modellnummer<\/strong><\/td>\n<td>M5<\/td>\n<\/tr>\n<tr>\n<td><strong>Erforderliche Montage<\/strong><\/td>\n<td>Ja<\/td>\n<\/tr>\n<tr>\n<td><strong>Hersteller<\/strong><\/td>\n<td>ANTHBOT (SG) PTE. LTD.<\/td>\n<\/tr>\n<tr>\n<td><strong>Artikelnummer<\/strong><\/td>\n<td>M5<\/td>\n<\/tr>\n<tr>\n<td><strong>Anzahl von Einheiten<\/strong><\/td>\n<td>1.0 st\u00fcck<\/td>\n<\/tr>\n<tr>\n<td><strong>Herkunftsland<\/strong><\/td>\n<td>China<\/td>\n<\/tr>\n<tr>\n<td><strong>Amazon Bestseller-Rang<\/strong><\/td>\n<td><\/td>\n<\/tr>\n<tr>\n<td><strong>ASIN<\/strong><\/td>\n<td>B0GCJ9KCCT<\/td>\n<\/tr>\n<tr>\n<td><strong>Durchschnittliche Kundenbewertung<\/strong><\/td>\n<td><\/td>\n<\/tr>\n<tr>\n<td><strong>Maximale einstellbare Schnitth\u00f6he<\/strong><\/td>\n<td>7 Zentimeter<\/td>\n<\/tr>\n<tr>\n<td><strong>Minimale einstellbare Schnitth\u00f6he<\/strong><\/td>\n<td>3 Zentimeter<\/td>\n<\/tr>\n<tr>\n<td><strong>Artikelgewicht<\/strong><\/td>\n<td>39,5 Pfund<\/td>\n<\/tr>\n<tr>\n<td><strong>Schnittbreite<\/strong><\/td>\n<td>7,9 Zoll<\/td>\n<\/tr>\n<tr>\n<td><strong>Artikel Abmessungen T x B x H<\/strong><\/td>\n<td>40T x 52B x 24,7H cm<\/td>\n<\/tr>\n<tr>\n<td><strong>Stil\/Form<\/strong><\/td>\n<td>M5 NetRTK + 4G (3M inkl.)<\/td>\n<\/tr>\n<tr>\n<td><strong>Material<\/strong><\/td>\n<td>Kunststoff<\/td>\n<\/tr>\n<\/tbody>\n<\/table>\n<\/ul>\n","protected":false},"excerpt":{"rendered":"<p>Product Overview Marke: ANTHBOT Material: Kunststoff Stil: M5 NetRTK + 4G (3M inkl.) Artikelgewicht: 39,5 Pfund Schnittbreite: 7,9 Zoll Produktabmessungen:<\/p>","protected":false},"featured_media":31714,"comment_status":"open","ping_status":"closed","template":"","meta":[],"product_brand":[],"product_cat":[153],"product_tag":[],"class_list":{"0":"post-31707","1":"product","2":"type-product","3":"status-publish","4":"has-post-thumbnail","6":"product_cat-maehroboter","8":"first","9":"instock","10":"sale","11":"shipping-taxable","12":"purchasable","13":"product-type-variable"},"jetpack_sharing_enabled":true,"_links":{"self":[{"href":"https:\/\/floradarling.shop\/en\/wp-json\/wp\/v2\/product\/31707","targetHints":{"allow":["GET"]}}],"collection":[{"href":"https:\/\/floradarling.shop\/en\/wp-json\/wp\/v2\/product"}],"about":[{"href":"https:\/\/floradarling.shop\/en\/wp-json\/wp\/v2\/types\/product"}],"replies":[{"embeddable":true,"href":"https:\/\/floradarling.shop\/en\/wp-json\/wp\/v2\/comments?post=31707"}],"version-history":[{"count":0,"href":"https:\/\/floradarling.shop\/en\/wp-json\/wp\/v2\/product\/31707\/revisions"}],"wp:featuredmedia":[{"embeddable":true,"href":"https:\/\/floradarling.shop\/en\/wp-json\/wp\/v2\/media\/31714"}],"wp:attachment":[{"href":"https:\/\/floradarling.shop\/en\/wp-json\/wp\/v2\/media?parent=31707"}],"wp:term":[{"taxonomy":"product_brand","embeddable":true,"href":"https:\/\/floradarling.shop\/en\/wp-json\/wp\/v2\/product_brand?post=31707"},{"taxonomy":"product_cat","embeddable":true,"href":"https:\/\/floradarling.shop\/en\/wp-json\/wp\/v2\/product_cat?post=31707"},{"taxonomy":"product_tag","embeddable":true,"href":"https:\/\/floradarling.shop\/en\/wp-json\/wp\/v2\/product_tag?post=31707"}],"curies":[{"name":"wp","href":"https:\/\/api.w.org\/{rel}","templated":true}]}}